{"id":645,"date":"2026-03-18T12:28:49","date_gmt":"2026-03-18T12:28:49","guid":{"rendered":"https:\/\/alobeirut.com\/about-us\/"},"modified":"2026-04-08T16:34:20","modified_gmt":"2026-04-08T16:34:20","slug":"about-us","status":"publish","type":"page","link":"https:\/\/alobeirut.com\/en\/about-us\/","title":{"rendered":"About Us"},"content":{"rendered":"\n<section class=\"section-px gb-element-54822523\" style=\"--inline-bg-image: url(https:\/\/alobeirut.com\/wp-content\/uploads\/2026\/04\/shutterstock_563091901-scaled.jpg)\">\n<div class=\"inner-content gb-element-d4009817\">\n<h1 class=\"gb-text gb-text-bbffb0f3\">About Us<\/h1>\n\n\n\n<p class=\"gb-text gb-text-d2543e6c\">Since 1989, bringing the soul and authentic flavors of Lebanon to the heart of Barcelona.<\/p>\n<\/div>\n<\/section>\n\n\n\n<section class=\"section-px section-py\">\n<div class=\"inner-content gb-element-8996a699 gb-element-8996a699\">\n<div class=\"gb-element-d9941488 gb-element-d9941488\">\n<h2 class=\"gb-text h2 mb-0 gb-text-e35e407a gb-text-e35e407a\">Our story<\/h2>\n\n\n\n<p class=\"gb-text mb-0 gb-text-c5d65f4a gb-text-c5d65f4a\">\n Pioneers in bringing the essence of Lebanon to Barcelona. Our family arrived with a suitcase full of traditional recipes and the dream of sharing Lebanese hospitality with Barcelona.\n<br><br> What started as a small family corner in 1989 has become a benchmark for Eastern Mediterranean cuisine, while keeping our passion for fresh ingredients and friendly service intact.\n    <\/p>\n<\/div>\n\n\n\n<img decoding=\"async\" width=\"2432\" height=\"1760\" class=\"gb-media-dee79e07\" src=\"http:\/\/alobeirut.com\/wp-content\/uploads\/2026\/03\/hummus-cremoso-pan-pita-aperitivo.jpg\" alt=\"Mano dipeando pan pita en un bol de hummus con aceite de oliva y piment\u00f3n.\" title=\"Reserva tu mesa y vive la experiencia\" srcset=\"https:\/\/alobeirut.com\/wp-content\/uploads\/2026\/03\/hummus-cremoso-pan-pita-aperitivo.jpg 2432w, https:\/\/alobeirut.com\/wp-content\/uploads\/2026\/03\/hummus-cremoso-pan-pita-aperitivo-300x217.jpg 300w, https:\/\/alobeirut.com\/wp-content\/uploads\/2026\/03\/hummus-cremoso-pan-pita-aperitivo-1024x741.jpg 1024w, https:\/\/alobeirut.com\/wp-content\/uploads\/2026\/03\/hummus-cremoso-pan-pita-aperitivo-768x556.jpg 768w, https:\/\/alobeirut.com\/wp-content\/uploads\/2026\/03\/hummus-cremoso-pan-pita-aperitivo-1536x1112.jpg 1536w, https:\/\/alobeirut.com\/wp-content\/uploads\/2026\/03\/hummus-cremoso-pan-pita-aperitivo-2048x1482.jpg 2048w\" sizes=\"(max-width: 2432px) 100vw, 2432px\" \/>\n<\/div>\n<\/section>\n\n\n\n<section class=\"gb-element-adcef1c2\">\n<div class=\"section-px gb-element-d89c3cf0\">\n<div class=\"gb-element-999f9765\">\n<div class=\"section-py gb-element-f3979a86 gb-element-e90238d7\">\n<h2 class=\"gb-text h2 gb-text-2b203912\">The origin of the name<\/h2>\n\n\n\n<p>&#8220;&#8216;Allo Beirut&#8217; is a tribute to the iconic song by Lebanese singer Sabah. A name that evokes nostalgia, joy, and an unbreakable connection to our roots, reminding us that Lebanon is always just a call away.&#8221;<\/p>\n<\/div>\n<\/div>\n\n\n\n<div class=\"gb-element-0259aae1\">\n<img decoding=\"async\" width=\"1000\" height=\"1163\" class=\"gb-media-85902670 gb-media-6fa1176e\" src=\"http:\/\/alobeirut.com\/wp-content\/uploads\/2026\/03\/Sabah.jpg\" alt=\"\" title=\"Sabah\" srcset=\"https:\/\/alobeirut.com\/wp-content\/uploads\/2026\/03\/Sabah.jpg 1000w, https:\/\/alobeirut.com\/wp-content\/uploads\/2026\/03\/Sabah-258x300.jpg 258w, https:\/\/alobeirut.com\/wp-content\/uploads\/2026\/03\/Sabah-880x1024.jpg 880w, https:\/\/alobeirut.com\/wp-content\/uploads\/2026\/03\/Sabah-768x893.jpg 768w\" sizes=\"(max-width: 1000px) 100vw, 1000px\" \/>\n<\/div>\n<\/div>\n<\/section>\n\n\n\n<div class=\"section-px section-py\">\n<div class=\"inner-content gb-element-2c9b729a gb-element-2c9b729a\">\n<div class=\"gb-element-33ea044e gb-element-33ea044e\">\n<img decoding=\"async\" width=\"335\" height=\"477\" class=\"gb-media-2643752d\" src=\"http:\/\/alobeirut.com\/wp-content\/uploads\/2026\/03\/Tradicion-Libanesa.jpg\" alt=\"Un conjunto de verduras frescas sobre una superficie oscura: br\u00f3coli, hojas de col rizada, tomates rojos y calabac\u00edn, con algunos guisantes verdes y especias dispersas alrededor, iluminados con luz suave sobre un fondo negro.\" title=\"Tradici\u00f3n Libanesa\" srcset=\"https:\/\/alobeirut.com\/wp-content\/uploads\/2026\/03\/Tradicion-Libanesa.jpg 335w, https:\/\/alobeirut.com\/wp-content\/uploads\/2026\/03\/Tradicion-Libanesa-211x300.jpg 211w\" sizes=\"(max-width: 335px) 100vw, 335px\" \/>\n\n\n\n<img decoding=\"async\" width=\"342\" height=\"477\" class=\"gb-media-bf2ea24c\" src=\"http:\/\/alobeirut.com\/wp-content\/uploads\/2026\/03\/Tradicion-Libanesa-1.jpg\" alt=\"Dos panes tipo pita ligeramente tostados, colocados sobre un plato blanco, con un fondo oscuro y una iluminaci\u00f3n suave que resalta su textura.\" title=\"Tradici\u00f3n Libanesa 1\" srcset=\"https:\/\/alobeirut.com\/wp-content\/uploads\/2026\/03\/Tradicion-Libanesa-1.jpg 342w, https:\/\/alobeirut.com\/wp-content\/uploads\/2026\/03\/Tradicion-Libanesa-1-215x300.jpg 215w\" sizes=\"(max-width: 342px) 100vw, 342px\" \/>\n<\/div>\n\n\n\n<div class=\"gb-element-282d996d\">\n<div class=\"gb-element-a038ac04 gb-element-a038ac04\">\n<h2 class=\"gb-text h2 mb-0 gb-text-254f22da gb-text-254f22da\">Lebanese Tradition <\/h2>\n\n\n\n<p class=\"gb-text mb-0 gb-text-b0f3ba9c gb-text-b0f3ba9c\">Discover a wide variety of dishes with vegan options and Halal-certified meats, prepared with fresh ingredients and time-honoured recipes.<\/p>\n<\/div>\n\n\n\n<div class=\"gb-element-e4f05c07 gb-element-e4f05c07\">\n<div class=\"gb-element-d3e30b27 gb-element-d3e30b27\">\n<span class=\"gb-shape gb-shape-c4f3f000\"><svg xmlns=\"http:\/\/www.w3.org\/2000\/svg\" width=\"20\" height=\"27\" viewBox=\"0 0 20 27\" fill=\"none\">\n<path d=\"M7.09375 14.625L8.1875 11.0625L5.3125 8.75H8.875L10 5.25L11.125 8.75H14.6875L11.7812 11.0625L12.875 14.625L10 12.4062L7.09375 14.625ZM2.5 26.25V16.5938C1.70833 15.7188 1.09375 14.7188 0.65625 13.5938C0.21875 12.4688 0 11.2708 0 10C0 7.20833 0.96875 4.84375 2.90625 2.90625C4.84375 0.96875 7.20833 0 10 0C12.7917 0 15.1562 0.96875 17.0938 2.90625C19.0312 4.84375 20 7.20833 20 10C20 11.2708 19.7812 12.4688 19.3438 13.5938C18.9062 14.7188 18.2917 15.7188 17.5 16.5938V26.25L10 23.75L2.5 26.25ZM10 17.5C12.0833 17.5 13.8542 16.7708 15.3125 15.3125C16.7708 13.8542 17.5 12.0833 17.5 10C17.5 7.91667 16.7708 6.14583 15.3125 4.6875C13.8542 3.22917 12.0833 2.5 10 2.5C7.91667 2.5 6.14583 3.22917 4.6875 4.6875C3.22917 6.14583 2.5 7.91667 2.5 10C2.5 12.0833 3.22917 13.8542 4.6875 15.3125C6.14583 16.7708 7.91667 17.5 10 17.5ZM5 22.5312L10 21.25L15 22.5312V18.6562C14.2708 19.0729 13.4844 19.401 12.6406 19.6406C11.7969 19.8802 10.9167 20 10 20C9.08333 20 8.20312 19.8802 7.35938 19.6406C6.51562 19.401 5.72917 19.0729 5 18.6562V22.5312Z\" fill=\"#520100\"><\/path>\n<\/svg>\n<\/span>\n<\/div>\n\n\n\n<div class=\"gb-element-71e9952c gb-element-71e9952c\">\n<div class=\"gb-element-4cdde4af gb-element-4cdde4af\">\n<h3 class=\"gb-text h3 mb-0 gb-text-0b9af54c gb-text-0b9af54c\">Authenticity without compromise<\/h3>\n\n\n\n<p class=\"gb-text gb-text-b4e0c1b6 gb-text-b4e0c1b6\">We follow our grandmothers\u2019 time-honoured recipes, respecting cooking times and secret spice blends.<\/p>\n<\/div>\n<\/div>\n<\/div>\n\n\n\n<div class=\"gb-element-092538a7 gb-element-092538a7\">\n<div class=\"gb-element-7ac43c5c gb-element-7ac43c5c\">\n<span class=\"gb-shape gb-shape-5f44d95a\"><svg xmlns=\"http:\/\/www.w3.org\/2000\/svg\" width=\"22\" height=\"22\" viewBox=\"0 0 22 22\" fill=\"none\">\n<path d=\"M3 18.2404C2.0625 17.3029 1.32812 16.2196 0.796875 14.9904C0.265625 13.7612 0 12.4904 0 11.1779C0 9.86539 0.25 8.56851 0.75 7.28726C1.25 6.00601 2.0625 4.80288 3.1875 3.67788C3.91667 2.94872 4.81771 2.32372 5.89062 1.80288C6.96354 1.28205 8.23438 0.870593 9.70312 0.56851C11.1719 0.266426 12.849 0.0841346 14.7344 0.0216346C16.6198 -0.0408654 18.7292 0.0320513 21.0625 0.240385C21.2292 2.44872 21.2812 4.47997 21.2188 6.33413C21.1562 8.1883 20.9844 9.86018 20.7031 11.3498C20.4219 12.8393 20.026 14.1414 19.5156 15.256C19.0052 16.3706 18.375 17.3029 17.625 18.0529C16.5208 19.1571 15.349 19.9643 14.1094 20.4748C12.8698 20.9852 11.6042 21.2404 10.3125 21.2404C8.95833 21.2404 7.63542 20.9748 6.34375 20.4435C5.05208 19.9123 3.9375 19.1779 3 18.2404ZM6.5 17.7404C7.10417 18.0946 7.72396 18.3498 8.35938 18.506C8.99479 18.6623 9.64583 18.7404 10.3125 18.7404C11.2708 18.7404 12.2188 18.5477 13.1562 18.1623C14.0938 17.7768 14.9896 17.1571 15.8438 16.3029C16.2188 15.9279 16.599 15.4018 16.9844 14.7248C17.3698 14.0477 17.7031 13.1623 17.9844 12.0685C18.2656 10.9748 18.4792 9.65184 18.625 8.09976C18.7708 6.54768 18.7917 4.69872 18.6875 2.55288C17.6667 2.51122 16.5156 2.49559 15.2344 2.50601C13.9531 2.51643 12.6771 2.61538 11.4062 2.80288C10.1354 2.99038 8.92708 3.29247 7.78125 3.70913C6.63542 4.1258 5.69792 4.69872 4.96875 5.42788C4.03125 6.36538 3.38542 7.29247 3.03125 8.20914C2.67708 9.1258 2.5 10.0112 2.5 10.8654C2.5 12.0946 2.73438 13.1727 3.20312 14.0998C3.67188 15.0268 4.08333 15.6779 4.4375 16.0529C5.3125 14.3862 6.46875 12.7873 7.90625 11.256C9.34375 9.72476 11.0208 8.46955 12.9375 7.49038C11.4375 8.80289 10.1302 10.2873 9.01562 11.9435C7.90104 13.5998 7.0625 15.5321 6.5 17.7404Z\" fill=\"#520100\"><\/path>\n<\/svg>\n<\/span>\n<\/div>\n\n\n\n<div class=\"mb-0 gb-element-49fab395 gb-element-49fab395\">\n<div class=\"gb-element-9e68227b gb-element-9e68227b\">\n<h3 class=\"gb-text h3 mb-0 gb-text-6c09056e gb-text-6c09056e\">Ingredients from the source<\/h3>\n\n\n\n<p class=\"gb-text gb-text-31234a2e gb-text-31234a2e\">\n We import key products directly from Lebanon\n<br> to ensure that Za\u2019atar, Sumac, and Tahini\n<br> retain their original intensity.\n          <\/p>\n<\/div>\n<\/div>\n<\/div>\n<\/div>\n<\/div>\n<\/div>\n\n\n\n<section class=\"gb-element-adcef1c2\">\n<div class=\"section-px gb-element-f24fe030\">\n<div class=\"gb-element-9b8be644\">\n<div class=\"section-py gb-element-e90238d7 gb-element-e90238d7\">\n<h2 class=\"gb-text h2 gb-text-2b203912\">A Cuisine for Everyone<\/h2>\n\n\n\n<div class=\"gb-element-fbab868b gb-element-fbab868b\">\n<div class=\"gb-element-a7baf9e4 gb-element-a7baf9e4\">\n<div class=\"gb-element-67b8e66b gb-element-67b8e66b\">\n<div class=\"gb-element-ff9f0f18 gb-element-ff9f0f18\">\n<span class=\"gb-shape gb-shape-e5054dff\"><svg xmlns=\"http:\/\/www.w3.org\/2000\/svg\" fill=\"none\" viewBox=\"0 0 27 27\" height=\"27\" width=\"27\">\n<path fill=\"#520100\" d=\"M12 27V15.0375C10.4 15.0375 8.8625 14.7312 7.3875 14.1187C5.9125 13.5062 4.6125 12.6375 3.4875 11.5125C2.3625 10.3875 1.5 9.0875 0.9 7.6125C0.3 6.1375 0 4.6 0 3V0H3C4.575 0 6.1 0.30625 7.575 0.91875C9.05 1.53125 10.35 2.4 11.475 3.525C12.25 4.3 12.8938 5.15 13.4062 6.075C13.9187 7 14.3125 7.9875 14.5875 9.0375C14.7125 8.8625 14.85 8.69375 15 8.53125C15.15 8.36875 15.3125 8.2 15.4875 8.025C16.6125 6.9 17.9125 6.03125 19.3875 5.41875C20.8625 4.80625 22.4 4.5 24 4.5H27V7.5C27 9.1 26.6937 10.6375 26.0812 12.1125C25.4688 13.5875 24.6 14.8875 23.475 16.0125C22.35 17.1375 21.0562 18 19.5938 18.6C18.1313 19.2 16.6 19.5 15 19.5V27H12ZM12 12C12 10.8 11.7687 9.65625 11.3062 8.56875C10.8438 7.48125 10.1875 6.5125 9.3375 5.6625C8.4875 4.8125 7.51875 4.15625 6.43125 3.69375C5.34375 3.23125 4.2 3 3 3C3 4.2 3.225 5.35 3.675 6.45C4.125 7.55 4.775 8.525 5.625 9.375C6.475 10.225 7.45 10.875 8.55 11.325C9.65 11.775 10.8 12 12 12ZM15 16.5C16.2 16.5 17.3438 16.275 18.4312 15.825C19.5187 15.375 20.4875 14.725 21.3375 13.875C22.1875 13.025 22.8438 12.05 23.3062 10.95C23.7687 9.85 24 8.7 24 7.5C22.8 7.5 21.65 7.73125 20.55 8.19375C19.45 8.65625 18.475 9.3125 17.625 10.1625C16.775 11.0125 16.125 11.9813 15.675 13.0688C15.225 14.1562 15 15.3 15 16.5Z\"><\/path>\n<\/svg>\n<\/span>\n<\/div>\n<\/div>\n\n\n\n<div class=\"gb-element-bcac961b gb-element-bcac961b\">\n<div class=\"gb-element-23a3c61b gb-element-23a3c61b\">\n<h3 class=\"gb-text h3 mb-0 gb-text-3f6774e6\">Vegan<\/h3>\n\n\n\n<p class=\"gb-text mb-0 gb-text-f8ef6a9b gb-text-f8ef6a9b\">Delicious plant-based options<\/p>\n<\/div>\n<\/div>\n<\/div>\n\n\n\n<div class=\"gb-element-d7e99777 gb-element-d7e99777\">\n<div class=\"gb-element-643c30ee gb-element-643c30ee\">\n<div class=\"gb-element-3c1762c1 gb-element-3c1762c1\">\n<span class=\"gb-shape gb-shape-8b02804a\"><svg xmlns=\"http:\/\/www.w3.org\/2000\/svg\" fill=\"none\" viewBox=\"0 0 26 26\" height=\"26\" width=\"26\">\n<path fill=\"#520100\" d=\"M3.6 21.8885C2.475 20.7635 1.59375 19.4635 0.95625 17.9885C0.31875 16.5135 0 14.9885 0 13.4135C0 11.8385 0.3 10.2822 0.9 8.74471C1.5 7.20721 2.475 5.76346 3.825 4.41346C4.7 3.53846 5.78125 2.78846 7.06875 2.16346C8.35625 1.53846 9.88125 1.04471 11.6438 0.682212C13.4062 0.319712 15.4187 0.100962 17.6812 0.0259615C19.9438 -0.0490385 22.475 0.0384615 25.275 0.288462C25.475 2.93846 25.5375 5.37596 25.4625 7.60096C25.3875 9.82596 25.1812 11.8322 24.8438 13.6197C24.5063 15.4072 24.0312 16.9697 23.4188 18.3072C22.8063 19.6447 22.05 20.7635 21.15 21.6635C19.825 22.9885 18.4187 23.9572 16.9312 24.5697C15.4437 25.1822 13.925 25.4885 12.375 25.4885C10.75 25.4885 9.1625 25.1697 7.6125 24.5322C6.0625 23.8947 4.725 23.0135 3.6 21.8885ZM7.8 21.2885C8.525 21.7135 9.26875 22.0197 10.0312 22.2072C10.7937 22.3947 11.575 22.4885 12.375 22.4885C13.525 22.4885 14.6625 22.2572 15.7875 21.7947C16.9125 21.3322 17.9875 20.5885 19.0125 19.5635C19.4625 19.1135 19.9188 18.4822 20.3813 17.6697C20.8438 16.8572 21.2437 15.7947 21.5812 14.4822C21.9187 13.1697 22.175 11.5822 22.35 9.71971C22.525 7.85721 22.55 5.63846 22.425 3.06346C21.2 3.01346 19.8188 2.99471 18.2812 3.00721C16.7437 3.01971 15.2125 3.13846 13.6875 3.36346C12.1625 3.58846 10.7125 3.95096 9.3375 4.45096C7.9625 4.95096 6.8375 5.63846 5.9625 6.51346C4.8375 7.63846 4.0625 8.75096 3.6375 9.85096C3.2125 10.951 3 12.0135 3 13.0385C3 14.5135 3.28125 15.8072 3.84375 16.9197C4.40625 18.0322 4.9 18.8135 5.325 19.2635C6.375 17.2635 7.7625 15.3447 9.4875 13.5072C11.2125 11.6697 13.225 10.1635 15.525 8.98846C13.725 10.5635 12.1562 12.3447 10.8188 14.3322C9.48125 16.3197 8.475 18.6385 7.8 21.2885Z\"><\/path>\n<\/svg>\n<\/span>\n<\/div>\n<\/div>\n\n\n\n<div class=\"gb-element-d4c748b9 gb-element-d4c748b9\">\n<div class=\"gb-element-b7e555c1 gb-element-b7e555c1\">\n<h3 class=\"gb-text h3 mb-0 gb-text-d6004ea3\">Vegetarian<\/h3>\n\n\n\n<p class=\"gb-text mb-0 gb-text-8c33820a gb-text-8c33820a\">A paradise for vegetables<\/p>\n<\/div>\n<\/div>\n<\/div>\n\n\n\n<div class=\"gb-element-738366a4 gb-element-738366a4\">\n<div class=\"gb-element-08a57132 gb-element-08a57132\">\n<div class=\"gb-element-7f04d900 gb-element-7f04d900\">\n<span class=\"gb-shape gb-shape-0dc4f782\"><svg xmlns=\"http:\/\/www.w3.org\/2000\/svg\" fill=\"none\" viewBox=\"0 0 21 29\" height=\"29\" width=\"21\">\n<path fill=\"#520100\" d=\"M10.5 28.5272C7.575 28.5272 5.09375 27.5084 3.05625 25.4709C1.01875 23.4334 0 20.9522 0 18.0272C0 15.6772 0.69375 13.5709 2.08125 11.7084C3.46875 9.84591 5.2875 8.58965 7.5375 7.93966C7.0375 7.81466 6.55 7.63341 6.075 7.39591C5.6 7.1584 5.175 6.85216 4.8 6.47716C3.975 5.65216 3.44375 4.67091 3.20625 3.53341C2.96875 2.39591 2.9125 1.23966 3.0375 0.0646552C4.2125 -0.0603448 5.36875 -0.00409482 6.50625 0.233405C7.64375 0.470905 8.625 1.00216 9.45 1.82716C10.025 2.40216 10.4438 3.05216 10.7063 3.77716C10.9688 4.50216 11.1375 5.26466 11.2125 6.06466C11.5375 5.28966 11.9313 4.5584 12.3938 3.87091C12.8562 3.18341 13.375 2.55216 13.95 1.97716C14.225 1.70216 14.575 1.56466 15 1.56466C15.425 1.56466 15.775 1.70216 16.05 1.97716C16.325 2.25216 16.4625 2.60216 16.4625 3.02716C16.4625 3.45216 16.325 3.80216 16.05 4.07716C15.5 4.62716 15.0125 5.23341 14.5875 5.89591C14.1625 6.5584 13.85 7.26466 13.65 8.01466C15.85 8.71465 17.625 9.98341 18.975 11.8209C20.325 13.6584 21 15.7272 21 18.0272C21 20.9522 19.9813 23.4334 17.9438 25.4709C15.9062 27.5084 13.425 28.5272 10.5 28.5272ZM10.5 25.5272C12.575 25.5272 14.3438 24.7959 15.8062 23.3334C17.2687 21.8709 18 20.1022 18 18.0272C18 15.9522 17.2687 14.1834 15.8062 12.7209C14.3438 11.2584 12.575 10.5272 10.5 10.5272C8.425 10.5272 6.65625 11.2584 5.19375 12.7209C3.73125 14.1834 3 15.9522 3 18.0272C3 20.1022 3.73125 21.8709 5.19375 23.3334C6.65625 24.7959 8.425 25.5272 10.5 25.5272Z\"><\/path>\n<\/svg>\n<\/span>\n<\/div>\n<\/div>\n\n\n\n<div class=\"gb-element-f2c64781 gb-element-f2c64781\">\n<div class=\"gb-element-54836763 gb-element-54836763\">\n<h3 class=\"gb-text h3 mb-0 gb-text-253b80d3\">Gluten-Free<\/h3>\n\n\n\n<p class=\"gb-text mb-0 gb-text-21b63c7b gb-text-21b63c7b\">Dishes suitable for celiacs<\/p>\n<\/div>\n<\/div>\n<\/div>\n\n\n\n<div class=\"gb-element-0fc97d3c gb-element-0fc97d3c\">\n<div class=\"gb-element-5b2629d0 gb-element-5b2629d0\">\n<div class=\"gb-element-99f5d24e gb-element-99f5d24e\">\n<span class=\"gb-shape gb-shape-95743a23\"><svg xmlns=\"http:\/\/www.w3.org\/2000\/svg\" fill=\"none\" viewBox=\"0 0 33 32\" height=\"32\" width=\"33\">\n<path fill=\"#520100\" d=\"M11.4 31.5L8.55 26.7L3.15 25.5L3.675 19.95L0 15.75L3.675 11.55L3.15 6L8.55 4.8L11.4 0L16.5 2.175L21.6 0L24.45 4.8L29.85 6L29.325 11.55L33 15.75L29.325 19.95L29.85 25.5L24.45 26.7L21.6 31.5L16.5 29.325L11.4 31.5ZM12.675 27.675L16.5 26.025L20.4 27.675L22.5 24.075L26.625 23.1L26.25 18.9L29.025 15.75L26.25 12.525L26.625 8.325L22.5 7.425L20.325 3.825L16.5 5.475L12.6 3.825L10.5 7.425L6.375 8.325L6.75 12.525L3.975 15.75L6.75 18.9L6.375 23.175L10.5 24.075L12.675 27.675ZM14.925 21.075L23.4 12.6L21.3 10.425L14.925 16.8L11.7 13.65L9.6 15.75L14.925 21.075Z\"><\/path>\n<\/svg>\n<\/span>\n<\/div>\n<\/div>\n\n\n\n<div class=\"gb-element-42c8baeb gb-element-42c8baeb\">\n<div class=\"gb-element-a9be885d gb-element-a9be885d\">\n<h3 class=\"gb-text h3 mb-0 gb-text-decdb0e9\">Halal<\/h3>\n\n\n\n<p class=\"gb-text mb-0 gb-text-8136f47b gb-text-8136f47b\">Official certification guaranteed<\/p>\n<\/div>\n<\/div>\n<\/div>\n<\/div>\n\n\n\n<button class=\"gb-text btn btn-accent\" aria-label=\"reservar una mesa\" data-gb-overlay=\"gb-overlay-509\" role=\"button\" aria-haspopup=\"dialog\" aria-expanded=\"false\">Book Your Table<\/button>\n<\/div>\n<\/div>\n\n\n\n<div class=\"gb-element-a7204a65\">\n<img decoding=\"async\" width=\"747\" height=\"786\" class=\"gb-media-6fa1176e gb-media-6fa1176e\" src=\"http:\/\/alobeirut.com\/wp-content\/uploads\/2026\/03\/Una-cocina-para-todos.jpg\" alt=\"Plato combinado con tres cuencos de hummus, ensalada de perejil y tomate, y tri\u00e1ngulos de pan pita.\" title=\"Una cocina para todos\" srcset=\"https:\/\/alobeirut.com\/wp-content\/uploads\/2026\/03\/Una-cocina-para-todos.jpg 747w, https:\/\/alobeirut.com\/wp-content\/uploads\/2026\/03\/Una-cocina-para-todos-285x300.jpg 285w\" sizes=\"(max-width: 747px) 100vw, 747px\" \/>\n<\/div>\n<\/div>\n<\/section>\n\n\n\n<section>\n<div class=\"section-px gb-element-0ecef438 gb-element-0ecef438\">\n<div class=\"section-py gb-element-caefd9dd gb-element-caefd9dd\">\n<div class=\"gb-element-6be9449e gb-element-6be9449e\">\n<h2 class=\"gb-text mb-0 gb-text-aaa0346b gb-text-aaa0346b\">Where We Are<\/h2>\n\n\n\n<div class=\"gb-element-86d2e711 gb-element-86d2e711\">\n<div class=\"gb-element-96abe08b gb-element-96abe08b\">\n<span class=\"gb-shape gb-shape-e031c7bf\"><svg xmlns=\"http:\/\/www.w3.org\/2000\/svg\" fill=\"none\" viewBox=\"0 0 16 20\" height=\"20\" width=\"16\">\n<path fill=\"white\" d=\"M8 10C8.55 10 9.02083 9.80417 9.4125 9.4125C9.80417 9.02083 10 8.55 10 8C10 7.45 9.80417 6.97917 9.4125 6.5875C9.02083 6.19583 8.55 6 8 6C7.45 6 6.97917 6.19583 6.5875 6.5875C6.19583 6.97917 6 7.45 6 8C6 8.55 6.19583 9.02083 6.5875 9.4125C6.97917 9.80417 7.45 10 8 10ZM8 17.35C10.0333 15.4833 11.5417 13.7875 12.525 12.2625C13.5083 10.7375 14 9.38333 14 8.2C14 6.38333 13.4208 4.89583 12.2625 3.7375C11.1042 2.57917 9.68333 2 8 2C6.31667 2 4.89583 2.57917 3.7375 3.7375C2.57917 4.89583 2 6.38333 2 8.2C2 9.38333 2.49167 10.7375 3.475 12.2625C4.45833 13.7875 5.96667 15.4833 8 17.35ZM8 20C5.31667 17.7167 3.3125 15.5958 1.9875 13.6375C0.6625 11.6792 0 9.86667 0 8.2C0 5.7 0.804167 3.70833 2.4125 2.225C4.02083 0.741667 5.88333 0 8 0C10.1167 0 11.9792 0.741667 13.5875 2.225C15.1958 3.70833 16 5.7 16 8.2C16 9.86667 15.3375 11.6792 14.0125 13.6375C12.6875 15.5958 10.6833 17.7167 8 20Z\"><\/path>\n<\/svg>\n<\/span>\n\n\n\n<div class=\"gb-element-434f048a gb-element-434f048a\">\n<h3 class=\"gb-text h3 mb-0 gb-text-c4dcf4ac\">Address<\/h3>\n\n\n\n<p class=\"gb-text gb-text-8a2982d5 gb-text-8a2982d5\"><a href=\"https:\/\/share.google\/bnNFGh4ydOwvHaWXB\" target=\"_blank\" rel=\"noreferrer noopener\">Carrer d\u2019Aribau, 90, 08036 Barcelona<\/a><\/p>\n<\/div>\n<\/div>\n\n\n\n<div class=\"gb-element-c68b88aa gb-element-c68b88aa\">\n<span class=\"gb-shape gb-shape-89b910d2\"><svg xmlns=\"http:\/\/www.w3.org\/2000\/svg\" fill=\"none\" viewBox=\"0 0 18 18\" height=\"18\" width=\"18\">\n<path fill=\"white\" d=\"M16.95 18C14.8667 18 12.8083 17.5458 10.775 16.6375C8.74167 15.7292 6.89167 14.4417 5.225 12.775C3.55833 11.1083 2.27083 9.25833 1.3625 7.225C0.454167 5.19167 0 3.13333 0 1.05C0 0.75 0.1 0.5 0.3 0.3C0.5 0.1 0.75 0 1.05 0H5.1C5.33333 0 5.54167 0.0791667 5.725 0.2375C5.90833 0.395833 6.01667 0.583333 6.05 0.8L6.7 4.3C6.73333 4.56667 6.725 4.79167 6.675 4.975C6.625 5.15833 6.53333 5.31667 6.4 5.45L3.975 7.9C4.30833 8.51667 4.70417 9.1125 5.1625 9.6875C5.62083 10.2625 6.125 10.8167 6.675 11.35C7.19167 11.8667 7.73333 12.3458 8.3 12.7875C8.86667 13.2292 9.46667 13.6333 10.1 14L12.45 11.65C12.6 11.5 12.7958 11.3875 13.0375 11.3125C13.2792 11.2375 13.5167 11.2167 13.75 11.25L17.2 11.95C17.4333 12.0167 17.625 12.1375 17.775 12.3125C17.925 12.4875 18 12.6833 18 12.9V16.95C18 17.25 17.9 17.5 17.7 17.7C17.5 17.9 17.25 18 16.95 18ZM3.025 6L4.675 4.35L4.25 2H2.025C2.10833 2.68333 2.225 3.35833 2.375 4.025C2.525 4.69167 2.74167 5.35 3.025 6ZM11.975 14.95C12.625 15.2333 13.2875 15.4583 13.9625 15.625C14.6375 15.7917 15.3167 15.9 16 15.95V13.75L13.65 13.275L11.975 14.95Z\"><\/path>\n<\/svg>\n<\/span>\n\n\n\n<div class=\"gb-element-3b2bec3b gb-element-3b2bec3b\">\n<h3 class=\"gb-text h3 mb-0 gb-text-f5ab47f3\">Phone<\/h3>\n\n\n\n<a class=\"gb-text gb-text-dff2e6aa gb-text-dff2e6aa\" aria-label=\"Llamar al restaurante\" href=\"tel:+34931234567\">+34 931 234 567<\/a>\n<\/div>\n<\/div>\n\n\n\n<div class=\"gb-element-fab555a0 gb-element-fab555a0\">\n<span class=\"gb-shape gb-shape-9ad335f9\"><svg xmlns=\"http:\/\/www.w3.org\/2000\/svg\" fill=\"none\" viewBox=\"0 0 20 20\" height=\"20\" width=\"20\">\n<path fill=\"white\" d=\"M13.3 14.7L14.7 13.3L11 9.6V5H9V10.4L13.3 14.7ZM10 20C8.61667 20 7.31667 19.7375 6.1 19.2125C4.88333 18.6875 3.825 17.975 2.925 17.075C2.025 16.175 1.3125 15.1167 0.7875 13.9C0.2625 12.6833 0 11.3833 0 10C0 8.61667 0.2625 7.31667 0.7875 6.1C1.3125 4.88333 2.025 3.825 2.925 2.925C3.825 2.025 4.88333 1.3125 6.1 0.7875C7.31667 0.2625 8.61667 0 10 0C11.3833 0 12.6833 0.2625 13.9 0.7875C15.1167 1.3125 16.175 2.025 17.075 2.925C17.975 3.825 18.6875 4.88333 19.2125 6.1C19.7375 7.31667 20 8.61667 20 10C20 11.3833 19.7375 12.6833 19.2125 13.9C18.6875 15.1167 17.975 16.175 17.075 17.075C16.175 17.975 15.1167 18.6875 13.9 19.2125C12.6833 19.7375 11.3833 20 10 20ZM10 18C12.2167 18 14.1042 17.2208 15.6625 15.6625C17.2208 14.1042 18 12.2167 18 10C18 7.78333 17.2208 5.89583 15.6625 4.3375C14.1042 2.77917 12.2167 2 10 2C7.78333 2 5.89583 2.77917 4.3375 4.3375C2.77917 5.89583 2 7.78333 2 10C2 12.2167 2.77917 14.1042 4.3375 15.6625C5.89583 17.2208 7.78333 18 10 18Z\"><\/path>\n<\/svg>\n<\/span>\n\n\n\n<div class=\"gb-element-7d2dd4ac gb-element-7d2dd4ac\">\n<h3 class=\"gb-text h3 mb-0 gb-text-910131f8\">Business Hours<\/h3>\n\n\n\n<p class=\"gb-text gb-text-e3550297\">Lun &#8211; Jue: 13:00 &#8211; 16:30, 20:00 &#8211; 23:30 <br>Vie &#8211; Dom: 13:00 &#8211; 24:00<\/p>\n<\/div>\n<\/div>\n<\/div>\n<\/div>\n<\/div>\n\n\n\n<div class=\"gb-element-4b336bfe\">\n<iframe src=\"https:\/\/www.google.com\/maps\/embed?pb=!1m18!1m12!1m3!1d5082.335143412846!2d2.1552526130233884!3d41.38978737117998!2m3!1f0!2f0!3f0!3m2!1i1024!2i768!4f13.1!3m3!1m2!1s0x12a4a28e49c911d3%3A0xf2089d0de5a4e40a!2sAlo%20Beirut%20Restaurant!5e1!3m2!1spt-BR!2sbr!4v1773755399455!5m2!1spt-BR!2sbr\" width=\"600\" height=\"450\" style=\"border:0;\" allowfullscreen=\"\" loading=\"lazy\" referrerpolicy=\"no-referrer-when-downgrade\" title=\"Ubicaci\u00f3n del restaurante Alo Beirut\" aria-label=\"Mapa incrustado de Google Maps que muestra la ubicaci\u00f3n del restaurante Alo Beirut en Barcelona, con un marcador se\u00f1alando el lugar espec\u00edfico.\" ><\/iframe>\n<\/div>\n<\/div>\n<\/section>\n","protected":false},"excerpt":{"rendered":"<p>About Us Since 1989, bringing the soul and authentic flavors of Lebanon to the heart of Barcelona. Our story Pioneers in bringing the essence of Lebanon to Barcelona. Our family arrived with a suitcase full of traditional recipes and the dream of sharing Lebanese hospitality with Barcelona. What started as a small family corner in &#8230; <a title=\"About Us\" class=\"read-more\" href=\"https:\/\/alobeirut.com\/en\/about-us\/\" aria-label=\"Read more about About Us\">Read more<\/a><\/p>\n","protected":false},"author":1,"featured_media":834,"parent":0,"menu_order":0,"comment_status":"closed","ping_status":"closed","template":"","meta":{"_acf_changed":false,"footnotes":""},"class_list":["post-645","page","type-page","status-publish","has-post-thumbnail"],"acf":[],"_links":{"self":[{"href":"https:\/\/alobeirut.com\/en\/wp-json\/wp\/v2\/pages\/645","targetHints":{"allow":["GET"]}}],"collection":[{"href":"https:\/\/alobeirut.com\/en\/wp-json\/wp\/v2\/pages"}],"about":[{"href":"https:\/\/alobeirut.com\/en\/wp-json\/wp\/v2\/types\/page"}],"author":[{"embeddable":true,"href":"https:\/\/alobeirut.com\/en\/wp-json\/wp\/v2\/users\/1"}],"replies":[{"embeddable":true,"href":"https:\/\/alobeirut.com\/en\/wp-json\/wp\/v2\/comments?post=645"}],"version-history":[{"count":4,"href":"https:\/\/alobeirut.com\/en\/wp-json\/wp\/v2\/pages\/645\/revisions"}],"predecessor-version":[{"id":862,"href":"https:\/\/alobeirut.com\/en\/wp-json\/wp\/v2\/pages\/645\/revisions\/862"}],"wp:featuredmedia":[{"embeddable":true,"href":"https:\/\/alobeirut.com\/en\/wp-json\/wp\/v2\/media\/834"}],"wp:attachment":[{"href":"https:\/\/alobeirut.com\/en\/wp-json\/wp\/v2\/media?parent=645"}],"curies":[{"name":"wp","href":"https:\/\/api.w.org\/{rel}","templated":true}]}}