{"id":649,"date":"2026-03-18T12:53:40","date_gmt":"2026-03-18T12:53:40","guid":{"rendered":"https:\/\/alobeirut.com\/contact\/"},"modified":"2026-04-08T16:54:20","modified_gmt":"2026-04-08T16:54:20","slug":"contact","status":"publish","type":"page","link":"https:\/\/alobeirut.com\/en\/contact\/","title":{"rendered":"Contact"},"content":{"rendered":"\n<section class=\"section-px gb-element-4013e18f\" style=\"--inline-bg-image: url(https:\/\/alobeirut.com\/wp-content\/uploads\/2026\/04\/shutterstock_563091901-scaled.jpg)\">\n<div class=\"inner-content gb-element-ba99a157\">\n<h1 class=\"gb-text gb-text-00619f30\">Contact<\/h1>\n<\/div>\n<\/section>\n\n\n\n<section class=\"gb-element-197ff61d gb-element-cf12a34b\">\n<div class=\"gb-element-55c156d0 gb-element-hw56c78d\">\n<div class=\"gb-element-166d89bd\">\n<article class=\"gb-element-d0e9d006 gb-element-cd12k34l\">\n<div class=\"gb-element-576b6823 gb-element-ic56m78n\">\n<span class=\"gb-shape gb-shape-237f3b42\" xmlns=\"http:\/\/www.w3.org\/2000\/svg\" viewbox=\"0 0 24 24\" stroke-linecap=\"round\" stroke-linejoin=\"round\"><svg fill=\"none\" viewBox=\"0 0 23 23\" height=\"23\" width=\"23\">\n<path fill=\"#520100\" d=\"M15 22.5L7.5 19.875L1.6875 22.125C1.27083 22.2917 0.885417 22.2448 0.53125 21.9844C0.177083 21.724 0 21.375 0 20.9375V3.4375C0 3.16667 0.078125 2.92708 0.234375 2.71875C0.390625 2.51042 0.604167 2.35417 0.875 2.25L7.5 0L15 2.625L20.8125 0.375C21.2292 0.208333 21.6146 0.255208 21.9688 0.515625C22.3229 0.776042 22.5 1.125 22.5 1.5625V19.0625C22.5 19.3333 22.4219 19.5729 22.2656 19.7812C22.1094 19.9896 21.8958 20.1458 21.625 20.25L15 22.5ZM13.75 19.4375V4.8125L8.75 3.0625V17.6875L13.75 19.4375ZM16.25 19.4375L20 18.1875V3.375L16.25 4.8125V19.4375ZM2.5 19.125L6.25 17.6875V3.0625L2.5 4.3125V19.125ZM16.25 4.8125V19.4375V4.8125ZM6.25 3.0625V17.6875V3.0625Z\"><\/path>\n<\/svg>\n\n<\/span>\n<\/div>\n\n\n\n<div class=\"gb-element-bc99143a gb-element-ct90o12p\">\n<h3 class=\"gb-text h3 gb-text-539952fb gb-text-tt34q56r\">Address<\/h3>\n\n\n\n<p class=\"gb-text gb-text-b895f015 gb-text-dc78s90t\">Carrer d\u2019Aribau, 90, 08036 Barcelona<\/p>\n<\/div>\n<\/article>\n\n\n\n<article class=\"gb-element-6dffb36d gb-element-cd34u56v\">\n<div class=\"gb-element-3a4f7229 gb-element-ic78w90x\">\n<span class=\"gb-shape gb-shape-a0430d0d\" xmlns=\"http:\/\/www.w3.org\/2000\/svg\" viewbox=\"0 0 24 24\" stroke-linecap=\"round\" stroke-linejoin=\"round\"><svg fill=\"none\" viewBox=\"0 0 23 23\" height=\"23\" width=\"23\">\n<path fill=\"#520100\" d=\"M21.1875 22.5C18.5833 22.5 16.0104 21.9323 13.4688 20.7969C10.9271 19.6615 8.61458 18.0521 6.53125 15.9688C4.44792 13.8854 2.83854 11.5729 1.70312 9.03125C0.567708 6.48958 0 3.91667 0 1.3125C0 0.9375 0.125 0.625 0.375 0.375C0.625 0.125 0.9375 0 1.3125 0H6.375C6.66667 0 6.92708 0.0989583 7.15625 0.296875C7.38542 0.494792 7.52083 0.729167 7.5625 1L8.375 5.375C8.41667 5.70833 8.40625 5.98958 8.34375 6.21875C8.28125 6.44792 8.16667 6.64583 8 6.8125L4.96875 9.875C5.38542 10.6458 5.88021 11.3906 6.45312 12.1094C7.02604 12.8281 7.65625 13.5208 8.34375 14.1875C8.98958 14.8333 9.66667 15.4323 10.375 15.9844C11.0833 16.5365 11.8333 17.0417 12.625 17.5L15.5625 14.5625C15.75 14.375 15.9948 14.2344 16.2969 14.1406C16.599 14.0469 16.8958 14.0208 17.1875 14.0625L21.5 14.9375C21.7917 15.0208 22.0312 15.1719 22.2188 15.3906C22.4062 15.6094 22.5 15.8542 22.5 16.125V21.1875C22.5 21.5625 22.375 21.875 22.125 22.125C21.875 22.375 21.5625 22.5 21.1875 22.5ZM3.78125 7.5L5.84375 5.4375L5.3125 2.5H2.53125C2.63542 3.35417 2.78125 4.19792 2.96875 5.03125C3.15625 5.86458 3.42708 6.6875 3.78125 7.5ZM14.9688 18.6875C15.7812 19.0417 16.6094 19.3229 17.4531 19.5312C18.2969 19.7396 19.1458 19.875 20 19.9375V17.1875L17.0625 16.5938L14.9688 18.6875Z\"><\/path>\n<\/svg>\n<\/span>\n<\/div>\n\n\n\n<div class=\"gb-element-ff9cd29c gb-element-ct12y34z\">\n<h3 class=\"gb-text h3 gb-text-b85f81cb gb-text-tt56a78b\">Phone<\/h3>\n\n\n\n<a class=\"gb-text gb-text-f437590a\" href=\"tel:+34%20912%20345%20678\">+34 912 345 678<\/a>\n<\/div>\n<\/article>\n\n\n\n<article class=\"gb-element-df63df39 gb-element-cd34e56f\">\n<div class=\"gb-element-22e84fd1 gb-element-ic78g90h\">\n<span class=\"gb-shape gb-shape-ac9a554c\" xmlns=\"http:\/\/www.w3.org\/2000\/svg\" viewbox=\"0 0 24 24\" stroke-linecap=\"round\" stroke-linejoin=\"round\"><svg fill=\"none\" viewBox=\"0 0 25 25\" height=\"25\" width=\"25\">\n<path fill=\"#520100\" d=\"M16.625 18.375L18.375 16.625L13.75 12V6.25H11.25V13L16.625 18.375ZM12.5 25C10.7708 25 9.14583 24.6719 7.625 24.0156C6.10417 23.3594 4.78125 22.4688 3.65625 21.3438C2.53125 20.2188 1.64062 18.8958 0.984375 17.375C0.328125 15.8542 0 14.2292 0 12.5C0 10.7708 0.328125 9.14583 0.984375 7.625C1.64062 6.10417 2.53125 4.78125 3.65625 3.65625C4.78125 2.53125 6.10417 1.64062 7.625 0.984375C9.14583 0.328125 10.7708 0 12.5 0C14.2292 0 15.8542 0.328125 17.375 0.984375C18.8958 1.64062 20.2188 2.53125 21.3438 3.65625C22.4688 4.78125 23.3594 6.10417 24.0156 7.625C24.6719 9.14583 25 10.7708 25 12.5C25 14.2292 24.6719 15.8542 24.0156 17.375C23.3594 18.8958 22.4688 20.2188 21.3438 21.3438C20.2188 22.4688 18.8958 23.3594 17.375 24.0156C15.8542 24.6719 14.2292 25 12.5 25ZM12.5 22.5C15.2708 22.5 17.6302 21.526 19.5781 19.5781C21.526 17.6302 22.5 15.2708 22.5 12.5C22.5 9.72917 21.526 7.36979 19.5781 5.42188C17.6302 3.47396 15.2708 2.5 12.5 2.5C9.72917 2.5 7.36979 3.47396 5.42188 5.42188C3.47396 7.36979 2.5 9.72917 2.5 12.5C2.5 15.2708 3.47396 17.6302 5.42188 19.5781C7.36979 21.526 9.72917 22.5 12.5 22.5Z\"><\/path>\n<\/svg>\n\n<\/span>\n<\/div>\n\n\n\n<div class=\"gb-element-ab039c71 gb-element-ct12i34j\">\n<h3 class=\"gb-text h3 gb-text-1333cbfb gb-text-tt56k78l\">Opening Hours<\/h3>\n\n\n\n<p class=\"gb-text gb-text-6d942d31 gb-text-dc90m12n\">Mon &#8211; Sun: 1:00 PM &#8211; 5:00 PM<br>8:00 PM &#8211; 12:00 AM<\/p>\n<\/div>\n<\/article>\n<\/div>\n<\/div>\n<\/section>\n\n\n\n<section>\n<div class=\"gb-element-0ecef438 gb-element-0ecef438\">\n<div class=\"gb-element-4b336bfe\">\n<iframe src=\"https:\/\/www.google.com\/maps\/embed?pb=!1m18!1m12!1m3!1d5082.335143412846!2d2.1552526130233884!3d41.38978737117998!2m3!1f0!2f0!3f0!3m2!1i1024!2i768!4f13.1!3m3!1m2!1s0x12a4a28e49c911d3%3A0xf2089d0de5a4e40a!2sAlo%20Beirut%20Restaurant!5e1!3m2!1spt-BR!2sbr!4v1773755399455!5m2!1spt-BR!2sbr\" width=\"600\" height=\"450\" style=\"border:0;\" allowfullscreen=\"\" loading=\"lazy\" referrerpolicy=\"no-referrer-when-downgrade\" title=\"Alo Beirut restaurant location\" aria-label=\"Mapa incrustado de Google Maps que muestra la ubicaci\u00f3n del restaurante Alo Beirut en Barcelona, con un marcador se\u00f1alando el lugar espec\u00edfico.\"><\/iframe>\n<\/div>\n\n\n\n<div class=\"section-py gb-element-caefd9dd gb-element-caefd9dd\">\n<div class=\"gb-element-6be9449e gb-element-6be9449e\">\n<h2 class=\"gb-text mb-0 gb-text-aaa0346b gb-text-aaa0346b\">Write to us<\/h2>\n\n\n\n<div class=\"gb-element-86d2e711 gb-element-86d2e711\"><style id=\"fluentform-block-custom-styles-1\">.fluentform.fluentform_wrapper_1.ff_guten_block.ff_guten_block-1 .ff-el-form-control, .fluentform.fluentform_wrapper_1.ff_guten_block.ff_guten_block-1 .ff-el-input--content input, .fluentform.fluentform_wrapper_1.ff_guten_block.ff_guten_block-1 .ff-el-input--content textarea, .fluentform.fluentform_wrapper_1.ff_guten_block.ff_guten_block-1 .ff-el-input--content select { color: #ffffff; background-color: #00000000; }\n.fluentform.fluentform_wrapper_1.ff_guten_block.ff_guten_block-1 .ff-el-form-control, .fluentform.fluentform_wrapper_1.ff_guten_block.ff_guten_block-1 .ff-el-input--content input, .fluentform.fluentform_wrapper_1.ff_guten_block.ff_guten_block-1 .ff-el-input--content textarea, .fluentform.fluentform_wrapper_1.ff_guten_block.ff_guten_block-1 .ff-el-input--content select { border-style: solid; border-color: #dddddd; border-radius: 0px; }\n.fluentform.fluentform_wrapper_1.ff_guten_block.ff_guten_block-1 .ff-el-input--content input::placeholder, .fluentform.fluentform_wrapper_1.ff_guten_block.ff_guten_block-1 .ff-el-input--content textarea::placeholder { color: #ffffff; }\n.fluentform.fluentform_wrapper_1.ff_guten_block.ff_guten_block-1 .ff_submit_btn_wrapper .ff-btn-submit { padding: 10px; }\n.fluentform.fluentform_wrapper_1.ff_guten_block.ff_guten_block-1 .ff_submit_btn_wrapper .ff-btn-submit { width: 100%; color: #520100; }\n<\/style><div class='fluentform ff-default fluentform_wrapper_1  ff_guten_block ff_guten_block-1 ffs_default_wrap'><form data-form_id=\"1\" id=\"fluentform_1\" class=\"frm-fluent-form fluent_form_1 ff-el-form-top ff_form_instance_1_1 ff-form-loading ffs_default\" data-form_instance=\"ff_form_instance_1_1\" method=\"POST\" ><fieldset  style=\"border: none!important;margin: 0!important;padding: 0!important;background-color: transparent!important;box-shadow: none!important;outline: none!important; min-inline-size: 100%;\">\n                    <legend class=\"ff_screen_reader_title\" style=\"display: block; margin: 0!important;padding: 0!important;height: 0!important;text-indent: -999999px;width: 0!important;overflow:hidden;\">Contact Form<\/legend>        <div\n                style=\"display: none!important; position: absolute!important; transform: translateX(1000%)!important;\"\n                class=\"ff-el-group ff-hpsf-container\"\n        >\n            <div class=\"ff-el-input--label asterisk-right\">\n                <label for=\"ff_1_item_sf\" aria-label=\"Notify\">\n                    Notify                <\/label>\n            <\/div>\n            <div class=\"ff-el-input--content\">\n                <input type=\"text\"\n                       name=\"item_1__fluent_sf\"\n                       class=\"ff-el-form-control\"\n                       id=\"ff_1_item_sf\"\n                \/>\n            <\/div>\n        <\/div>\n                <input type=\"hidden\" id=\"__fluent_protection_token_1\" class=\"fluent-form-token-field\" name=\"__fluent_protection_token_1\">\n        <input type='hidden' name='__fluent_form_embded_post_id' value='649' \/><input type=\"hidden\" id=\"_fluentform_1_fluentformnonce\" name=\"_fluentform_1_fluentformnonce\" value=\"2abc863888\" \/><input type=\"hidden\" name=\"_wp_http_referer\" value=\"\/en\/wp-json\/wp\/v2\/pages\/649\" \/><div data-type=\"name-element\" data-name=\"names\" class=\" ff-field_container ff-name-field-wrapper\" ><div class='ff-t-container'><div class='ff-t-cell '><div class='ff-el-group  ff-el-form-hide_label'><div class=\"ff-el-input--label ff-el-is-required asterisk-right\"><label for='ff_1_names_first_name_' id='label_ff_1_names_first_name_' >Name<\/label><\/div><div class='ff-el-input--content'><input type=\"text\" name=\"names[first_name]\" id=\"ff_1_names_first_name_\" class=\"ff-el-form-control\" placeholder=\"Name*\" aria-invalid=\"false\" aria-required=true><\/div><\/div><\/div><\/div><\/div><div class='ff-el-group ff-el-form-hide_label'><div class=\"ff-el-input--label ff-el-is-required asterisk-right\"><label for='ff_1_email' id='label_ff_1_email' aria-label=\"Email\">Email<\/label><\/div><div class='ff-el-input--content'><input type=\"email\" name=\"email\" id=\"ff_1_email\" class=\"ff-el-form-control\" placeholder=\"Email*\" data-name=\"email\"  aria-invalid=\"false\" aria-required=true><\/div><\/div><div class='ff-el-group ff-el-form-hide_label'><div class=\"ff-el-input--label asterisk-right\"><label for='ff_1_phone' id='label_ff_1_phone' aria-label=\"Phone\">Phone<\/label><\/div><div class='ff-el-input--content'><input name=\"phone\" class=\"ff-el-form-control ff-el-phone ff_el_with_extended_validation\" type=\"tel\" placeholder=\"Phone\" data-name=\"phone\" id=\"ff_1_phone\" inputmode=\"tel\"  aria-invalid='false' aria-required=false><\/div><\/div><div class='ff-el-group ff-el-form-hide_label'><div class=\"ff-el-input--label ff-el-is-required asterisk-right\"><label for='ff_1_message' id='label_ff_1_message' aria-label=\"Message\">Message<\/label><\/div><div class='ff-el-input--content'><textarea aria-required=\"true\" aria-labelledby=\"label_ff_1_message\" name=\"message\" id=\"ff_1_message\" class=\"ff-el-form-control\" placeholder=\"Message\" rows=\"4\" cols=\"2\" data-name=\"message\" ><\/textarea><\/div><\/div><div class='ff-el-group    ff-el-input--content'><div class='ff-el-form-check ff-el-tc'><label aria-label='Terms and Conditions: I have read and agree to the Privacy Policy. Contains 1 link. Use tab navigation to review.' class='ff-el-form-check-label ff_tc_label' for=terms-n-condition_12d11d014b2d9a7ab9bf91f0b4d451e1><span class='ff_tc_checkbox'><input type=\"checkbox\" name=\"terms-n-condition\" class=\"ff-el-form-check-input\" data-name=\"terms-n-condition\" id=\"terms-n-condition_12d11d014b2d9a7ab9bf91f0b4d451e1\"  value='on' aria-invalid='false' aria-required=false><\/span> <div class='ff_t_c'><p>I have read and agree to the <a class=\"lawwwing-document-open priv\">Privacy Policy<\/a>.<\/p><\/div><\/label><\/div><\/div><div class='ff-el-group ff-text-left ff_submit_btn_wrapper'><button type=\"submit\" class=\"ff-btn ff-btn-submit ff-btn-md ff_btn_no_style\"  aria-label=\"Enviar\">Enviar<\/button><\/div><\/fieldset><\/form><div id='fluentform_1_errors' class='ff-errors-in-stack ff_form_instance_1_1 ff-form-loading_errors ff_form_instance_1_1_errors'><\/div><\/div>            <script type=\"text\/javascript\">\n                window.fluent_form_ff_form_instance_1_1 = {\"id\":\"1\",\"settings\":{\"layout\":{\"labelPlacement\":\"top\",\"helpMessagePlacement\":\"with_label\",\"errorMessagePlacement\":\"inline\",\"cssClassName\":\"\",\"asteriskPlacement\":\"asterisk-right\"},\"restrictions\":{\"denyEmptySubmission\":{\"enabled\":false}}},\"form_instance\":\"ff_form_instance_1_1\",\"form_id_selector\":\"fluentform_1\",\"rules\":{\"names[first_name]\":{\"required\":{\"value\":true,\"message\":\"This field is required\",\"global\":false,\"global_message\":\"Este campo es obligatorio\"}},\"names[middle_name]\":{\"required\":{\"value\":false,\"message\":\"This field is required\",\"global\":false,\"global_message\":\"Este campo es obligatorio\"}},\"names[last_name]\":{\"required\":{\"value\":false,\"message\":\"This field is required\",\"global\":false,\"global_message\":\"Este campo es obligatorio\"}},\"email\":{\"required\":{\"value\":true,\"message\":\"This field is required\",\"global\":false,\"global_message\":\"Este campo es obligatorio\"},\"email\":{\"value\":true,\"message\":\"This field must contain a valid email\",\"global\":false,\"global_message\":\"Este campo debe contener un correo electr\\u00f3nico v\\u00e1lido\"}},\"phone\":{\"required\":{\"value\":false,\"global\":true,\"message\":\"Este campo es obligatorio\",\"global_message\":\"Este campo es obligatorio\"},\"valid_phone_number\":{\"value\":true,\"global\":true,\"message\":\"El n\\u00famero de tel\\u00e9fono no es v\\u00e1lido\",\"global_message\":\"El n\\u00famero de tel\\u00e9fono no es v\\u00e1lido \"}},\"message\":{\"required\":{\"value\":true,\"message\":\"This field is required\",\"global\":false,\"global_message\":\"Este campo es obligatorio\"}},\"terms-n-condition\":{\"required\":{\"value\":false,\"message\":\"Este campo es obligatorio\",\"global_message\":\"Este campo es obligatorio\",\"global\":true}}},\"debounce_time\":300};\n                            <\/script>\n            <\/div>\n<\/div>\n<\/div>\n<\/div>\n<\/section>\n","protected":false},"excerpt":{"rendered":"<p>Contact Address Carrer d\u2019Aribau, 90, 08036 Barcelona Phone +34 912 345 678 Opening Hours Mon &#8211; Sun: 1:00 PM &#8211; 5:00 PM8:00 PM &#8211; 12:00 AM Write to us<\/p>\n","protected":false},"author":1,"featured_media":834,"parent":0,"menu_order":0,"comment_status":"closed","ping_status":"closed","template":"","meta":{"_acf_changed":false,"footnotes":""},"class_list":["post-649","page","type-page","status-publish","has-post-thumbnail"],"acf":[],"_links":{"self":[{"href":"https:\/\/alobeirut.com\/en\/wp-json\/wp\/v2\/pages\/649","targetHints":{"allow":["GET"]}}],"collection":[{"href":"https:\/\/alobeirut.com\/en\/wp-json\/wp\/v2\/pages"}],"about":[{"href":"https:\/\/alobeirut.com\/en\/wp-json\/wp\/v2\/types\/page"}],"author":[{"embeddable":true,"href":"https:\/\/alobeirut.com\/en\/wp-json\/wp\/v2\/users\/1"}],"replies":[{"embeddable":true,"href":"https:\/\/alobeirut.com\/en\/wp-json\/wp\/v2\/comments?post=649"}],"version-history":[{"count":4,"href":"https:\/\/alobeirut.com\/en\/wp-json\/wp\/v2\/pages\/649\/revisions"}],"predecessor-version":[{"id":864,"href":"https:\/\/alobeirut.com\/en\/wp-json\/wp\/v2\/pages\/649\/revisions\/864"}],"wp:featuredmedia":[{"embeddable":true,"href":"https:\/\/alobeirut.com\/en\/wp-json\/wp\/v2\/media\/834"}],"wp:attachment":[{"href":"https:\/\/alobeirut.com\/en\/wp-json\/wp\/v2\/media?parent=649"}],"curies":[{"name":"wp","href":"https:\/\/api.w.org\/{rel}","templated":true}]}}