{"id":657,"date":"2026-03-18T11:57:52","date_gmt":"2026-03-18T11:57:52","guid":{"rendered":"https:\/\/alobeirut.com\/book-a-table\/"},"modified":"2026-04-08T16:53:16","modified_gmt":"2026-04-08T16:53:16","slug":"book-a-table","status":"publish","type":"page","link":"https:\/\/alobeirut.com\/en\/book-a-table\/","title":{"rendered":"Book a table"},"content":{"rendered":"\n<section class=\"section-px gb-element-4013e18f\" style=\"--inline-bg-image: url(https:\/\/alobeirut.com\/wp-content\/uploads\/2026\/04\/shutterstock_563091901-scaled.jpg)\">\n<div class=\"inner-content gb-element-ba99a157\">\n<span class=\"gb-text eyebrow gb-text-216affea\">DELIVERY BARCELONA<\/span>\n\n\n\n<h1 class=\"gb-text gb-text-00619f30\">Book a table at Alo Beirut<\/h1>\n\n\n\n<p class=\"gb-text gb-text-9608669e\">Enjoy the authentic Lebanese experience in the heart<br>of the city. Homemade hummus, charcoal-grilled meats, and the best<br>Mediterranean atmosphere. <\/p>\n\n\n\n<div class=\"gb-element-2ec81b72\">\n<button class=\"gb-text btn-accent btn\" data-gb-overlay=\"gb-overlay-509\" aria-label=\"Reservar una mesa\">Book a Table<\/button>\n<\/div>\n<\/div>\n<\/section>\n\n\n\n<section class=\"gb-element-cf12a34b gb-element-cf12a34b\">\n<div class=\"gb-element-hw56c78d gb-element-hw56c78d\">\n<div class=\"gb-element-hd90e12f gb-element-hd90e12f\">\n<h2 class=\"gb-text h2 gb-text-tx34g56h gb-text-tx34g56h\">How does it work?<\/h2>\n\n\n\n<p>Three simple steps to secure your table in seconds.<\/p>\n<\/div>\n\n\n\n<div class=\"gb-element-gr78i90j\">\n<article class=\"gb-element-cd12k34l gb-element-cd12k34l\">\n<div class=\"gb-element-ic56m78n gb-element-ic56m78n\">\n<span class=\"gb-shape gb-shape-sh56m78n\" xmlns=\"http:\/\/www.w3.org\/2000\/svg\" viewbox=\"0 0 24 24\" stroke-linecap=\"round\" stroke-linejoin=\"round\"><svg fill=\"none\" viewBox=\"0 0 24 27\" height=\"27\" width=\"24\">\n<path fill=\"#520100\" d=\"M2.66667 27C1.93333 27 1.30556 26.7356 0.783333 26.2069C0.261111 25.6781 0 25.0425 0 24.3V5.4C0 4.6575 0.261111 4.02187 0.783333 3.49312C1.30556 2.96437 1.93333 2.7 2.66667 2.7H4V0H6.66667V2.7H17.3333V0H20V2.7H21.3333C22.0667 2.7 22.6944 2.96437 23.2167 3.49312C23.7389 4.02187 24 4.6575 24 5.4V24.3C24 25.0425 23.7389 25.6781 23.2167 26.2069C22.6944 26.7356 22.0667 27 21.3333 27H2.66667ZM2.66667 24.3H21.3333V10.8H2.66667V24.3ZM2.66667 8.1H21.3333V5.4H2.66667V8.1ZM12 16.2C11.6222 16.2 11.3056 16.0706 11.05 15.8119C10.7944 15.5531 10.6667 15.2325 10.6667 14.85C10.6667 14.4675 10.7944 14.1469 11.05 13.8881C11.3056 13.6294 11.6222 13.5 12 13.5C12.3778 13.5 12.6944 13.6294 12.95 13.8881C13.2056 14.1469 13.3333 14.4675 13.3333 14.85C13.3333 15.2325 13.2056 15.5531 12.95 15.8119C12.6944 16.0706 12.3778 16.2 12 16.2ZM6.66667 16.2C6.28889 16.2 5.97222 16.0706 5.71667 15.8119C5.46111 15.5531 5.33333 15.2325 5.33333 14.85C5.33333 14.4675 5.46111 14.1469 5.71667 13.8881C5.97222 13.6294 6.28889 13.5 6.66667 13.5C7.04444 13.5 7.36111 13.6294 7.61667 13.8881C7.87222 14.1469 8 14.4675 8 14.85C8 15.2325 7.87222 15.5531 7.61667 15.8119C7.36111 16.0706 7.04444 16.2 6.66667 16.2ZM17.3333 16.2C16.9556 16.2 16.6389 16.0706 16.3833 15.8119C16.1278 15.5531 16 15.2325 16 14.85C16 14.4675 16.1278 14.1469 16.3833 13.8881C16.6389 13.6294 16.9556 13.5 17.3333 13.5C17.7111 13.5 18.0278 13.6294 18.2833 13.8881C18.5389 14.1469 18.6667 14.4675 18.6667 14.85C18.6667 15.2325 18.5389 15.5531 18.2833 15.8119C18.0278 16.0706 17.7111 16.2 17.3333 16.2ZM12 21.6C11.6222 21.6 11.3056 21.4706 11.05 21.2119C10.7944 20.9531 10.6667 20.6325 10.6667 20.25C10.6667 19.8675 10.7944 19.5469 11.05 19.2881C11.3056 19.0294 11.6222 18.9 12 18.9C12.3778 18.9 12.6944 19.0294 12.95 19.2881C13.2056 19.5469 13.3333 19.8675 13.3333 20.25C13.3333 20.6325 13.2056 20.9531 12.95 21.2119C12.6944 21.4706 12.3778 21.6 12 21.6ZM6.66667 21.6C6.28889 21.6 5.97222 21.4706 5.71667 21.2119C5.46111 20.9531 5.33333 20.6325 5.33333 20.25C5.33333 19.8675 5.46111 19.5469 5.71667 19.2881C5.97222 19.0294 6.28889 18.9 6.66667 18.9C7.04444 18.9 7.36111 19.0294 7.61667 19.2881C7.87222 19.5469 8 19.8675 8 20.25C8 20.6325 7.87222 20.9531 7.61667 21.2119C7.36111 21.4706 7.04444 21.6 6.66667 21.6ZM17.3333 21.6C16.9556 21.6 16.6389 21.4706 16.3833 21.2119C16.1278 20.9531 16 20.6325 16 20.25C16 19.8675 16.1278 19.5469 16.3833 19.2881C16.6389 19.0294 16.9556 18.9 17.3333 18.9C17.7111 18.9 18.0278 19.0294 18.2833 19.2881C18.5389 19.5469 18.6667 19.8675 18.6667 20.25C18.6667 20.6325 18.5389 20.9531 18.2833 21.2119C18.0278 21.4706 17.7111 21.6 17.3333 21.6Z\"><\/path>\n<\/svg>\n<\/span>\n<\/div>\n\n\n\n<div class=\"gb-element-ct90o12p gb-element-ct90o12p\">\n<h3 class=\"gb-text h3 gb-text-tt34q56r gb-text-tt34q56r\">Choose date and time<\/h3>\n\n\n\n<p class=\"gb-text gb-text-dc78s90t gb-text-dc78s90t\">Pick the perfect time. We\u2019re open every day for lunch and dinner. <\/p>\n<\/div>\n<\/article>\n\n\n\n<article class=\"gb-element-cd34u56v gb-element-cd34u56v\">\n<div class=\"gb-element-ic78w90x gb-element-ic78w90x\">\n<span class=\"gb-shape gb-shape-sh78w90x\" xmlns=\"http:\/\/www.w3.org\/2000\/svg\" viewbox=\"0 0 24 24\" stroke-linecap=\"round\" stroke-linejoin=\"round\"><svg fill=\"none\" viewBox=\"0 0 24 17\" height=\"17\" width=\"24\">\n<path fill=\"#520100\" d=\"M0 17V14.025C0 13.4229 0.159091 12.8695 0.477273 12.3648C0.795455 11.8602 1.21818 11.475 1.74545 11.2094C2.87273 10.6604 4.01818 10.2487 5.18182 9.97422C6.34545 9.69974 7.52727 9.5625 8.72727 9.5625C9.92727 9.5625 11.1091 9.69974 12.2727 9.97422C13.4364 10.2487 14.5818 10.6604 15.7091 11.2094C16.2364 11.475 16.6591 11.8602 16.9773 12.3648C17.2955 12.8695 17.4545 13.4229 17.4545 14.025V17H0ZM19.6364 17V13.8125C19.6364 13.0333 19.4136 12.2852 18.9682 11.568C18.5227 10.8508 17.8909 10.2354 17.0727 9.72188C18 9.82812 18.8727 10.0096 19.6909 10.2664C20.5091 10.5232 21.2727 10.8375 21.9818 11.2094C22.6364 11.5635 23.1364 11.9576 23.4818 12.3914C23.8273 12.8253 24 13.299 24 13.8125V17H19.6364ZM8.72727 8.5C7.52727 8.5 6.5 8.08385 5.64545 7.25156C4.79091 6.41927 4.36364 5.41875 4.36364 4.25C4.36364 3.08125 4.79091 2.08073 5.64545 1.24844C6.5 0.416146 7.52727 0 8.72727 0C9.92727 0 10.9545 0.416146 11.8091 1.24844C12.6636 2.08073 13.0909 3.08125 13.0909 4.25C13.0909 5.41875 12.6636 6.41927 11.8091 7.25156C10.9545 8.08385 9.92727 8.5 8.72727 8.5ZM19.6364 4.25C19.6364 5.41875 19.2091 6.41927 18.3545 7.25156C17.5 8.08385 16.4727 8.5 15.2727 8.5C15.0727 8.5 14.8182 8.47786 14.5091 8.43359C14.2 8.38932 13.9455 8.34062 13.7455 8.2875C14.2364 7.72083 14.6136 7.09219 14.8773 6.40156C15.1409 5.71094 15.2727 4.99375 15.2727 4.25C15.2727 3.50625 15.1409 2.78906 14.8773 2.09844C14.6136 1.40781 14.2364 0.779167 13.7455 0.2125C14 0.123958 14.2545 0.0664062 14.5091 0.0398437C14.7636 0.0132812 15.0182 0 15.2727 0C16.4727 0 17.5 0.416146 18.3545 1.24844C19.2091 2.08073 19.6364 3.08125 19.6364 4.25ZM2.18182 14.875H15.2727V14.025C15.2727 13.8302 15.2227 13.6531 15.1227 13.4937C15.0227 13.3344 14.8909 13.2104 14.7273 13.1219C13.7455 12.6437 12.7545 12.2852 11.7545 12.0461C10.7545 11.807 9.74545 11.6875 8.72727 11.6875C7.70909 11.6875 6.7 11.807 5.7 12.0461C4.7 12.2852 3.70909 12.6437 2.72727 13.1219C2.56364 13.2104 2.43182 13.3344 2.33182 13.4937C2.23182 13.6531 2.18182 13.8302 2.18182 14.025V14.875ZM8.72727 6.375C9.32727 6.375 9.84091 6.16693 10.2682 5.75078C10.6955 5.33463 10.9091 4.83437 10.9091 4.25C10.9091 3.66562 10.6955 3.16536 10.2682 2.74922C9.84091 2.33307 9.32727 2.125 8.72727 2.125C8.12727 2.125 7.61364 2.33307 7.18636 2.74922C6.75909 3.16536 6.54545 3.66562 6.54545 4.25C6.54545 4.83437 6.75909 5.33463 7.18636 5.75078C7.61364 6.16693 8.12727 6.375 8.72727 6.375Z\"><\/path>\n<\/svg>\n<\/span>\n<\/div>\n\n\n\n<div class=\"gb-element-ct12y34z gb-element-ct12y34z\">\n<h3 class=\"gb-text h3 gb-text-tt56a78b gb-text-tt56a78b\">Confirm your details<\/h3>\n\n\n\n<p class=\"gb-text gb-text-dc90c12d gb-text-dc90c12d\">Tell us how many of you are coming and whether you have any seating preference.<\/p>\n<\/div>\n<\/article>\n\n\n\n<article class=\"gb-element-cd34e56f gb-element-cd34e56f\">\n<div class=\"gb-element-ic78g90h gb-element-ic78g90h\">\n<span class=\"gb-shape gb-shape-sh78g90h\" xmlns=\"http:\/\/www.w3.org\/2000\/svg\" viewbox=\"0 0 24 24\" stroke-linecap=\"round\" stroke-linejoin=\"round\"><svg fill=\"none\" viewBox=\"0 0 24 21\" height=\"21\" width=\"24\">\n<path fill=\"#520100\" d=\"M15.9429 21L11.0857 16.0417L12.6857 14.4083L15.9429 17.7333L22.4 11.1417L24 12.775L15.9429 21ZM11.4286 8.16667L20.5714 2.33333H2.28571L11.4286 8.16667ZM11.4286 10.5L2.28571 4.66667V16.3333H8.17143L10.4571 18.6667H2.28571C1.65714 18.6667 1.11905 18.4382 0.671429 17.9813C0.22381 17.5243 0 16.975 0 16.3333V2.33333C0 1.69167 0.22381 1.14236 0.671429 0.685417C1.11905 0.228472 1.65714 0 2.28571 0H20.5714C21.2 0 21.7381 0.228472 22.1857 0.685417C22.6333 1.14236 22.8571 1.69167 22.8571 2.33333V7.40833L20.5714 9.74167V4.66667L11.4286 10.5Z\"><\/path>\n<\/svg>\n<\/span>\n<\/div>\n\n\n\n<div class=\"gb-element-ct12i34j gb-element-ct12i34j\">\n<h3 class=\"gb-text h3 gb-text-tt56k78l gb-text-tt56k78l\">Receive your confirmation<\/h3>\n\n\n\n<p class=\"gb-text gb-text-dc90m12n gb-text-dc90m12n\">We\u2019ll send you an instant email with<br>the details and booking reference.<\/p>\n<\/div>\n<\/article>\n<\/div>\n<\/div>\n<\/section>\n\n\n\n<section class=\"section-px section-py\">\n<div class=\"inner-content gb-element-d3bab9ec\">\n<div class=\"gb-element-7e739e45\">\n<div class=\"gb-element-8e67a940 gb-element-98266f8b\">\n<div class=\"gb-element-53bd802e\">\n<h2 class=\"gb-text h2 gb-text-d0d5fb3a gb-text-9495f274\">Our restaurant<\/h2>\n<\/div>\n\n\n\n<div class=\"gb-element-3a7cbe73 gb-element-d12422a5\">\n<div class=\"gb-element-e95c41b4 gb-element-c80b1d2a\">\n<span class=\"gb-shape gb-shape-8c412834\"><svg xmlns=\"http:\/\/www.w3.org\/2000\/svg\" fill=\"none\" viewBox=\"0 0 16 20\" height=\"20\" width=\"16\">\n<path fill=\"#520100\" d=\"M8 10C8.55 10 9.02083 9.80417 9.4125 9.4125C9.80417 9.02083 10 8.55 10 8C10 7.45 9.80417 6.97917 9.4125 6.5875C9.02083 6.19583 8.55 6 8 6C7.45 6 6.97917 6.19583 6.5875 6.5875C6.19583 6.97917 6 7.45 6 8C6 8.55 6.19583 9.02083 6.5875 9.4125C6.97917 9.80417 7.45 10 8 10ZM8 17.35C10.0333 15.4833 11.5417 13.7875 12.525 12.2625C13.5083 10.7375 14 9.38333 14 8.2C14 6.38333 13.4208 4.89583 12.2625 3.7375C11.1042 2.57917 9.68333 2 8 2C6.31667 2 4.89583 2.57917 3.7375 3.7375C2.57917 4.89583 2 6.38333 2 8.2C2 9.38333 2.49167 10.7375 3.475 12.2625C4.45833 13.7875 5.96667 15.4833 8 17.35ZM8 20C5.31667 17.7167 3.3125 15.5958 1.9875 13.6375C0.6625 11.6792 0 9.86667 0 8.2C0 5.7 0.804167 3.70833 2.4125 2.225C4.02083 0.741667 5.88333 0 8 0C10.1167 0 11.9792 0.741667 13.5875 2.225C15.1958 3.70833 16 5.7 16 8.2C16 9.86667 15.3375 11.6792 14.0125 13.6375C12.6875 15.5958 10.6833 17.7167 8 20Z\"><\/path>\n<\/svg>\n<\/span>\n\n\n\n<div class=\"gb-element-c5a81374 gb-element-05eb37c9\">\n<h3 class=\"gb-text h3 mb-0 gb-text-568c0b19 gb-text-0330cc53\">Address<\/h3>\n\n\n\n<div class=\"gb-text gb-text-9ee6f077 gb-text-94576352\">Carrer d\u2019Aribau, 90, 08036 Barcelona<\/div>\n<\/div>\n<\/div>\n\n\n\n<div class=\"gb-element-5b96c3d7 gb-element-c80b1d2a\">\n<span class=\"gb-shape gb-shape-021a9491\"><svg xmlns=\"http:\/\/www.w3.org\/2000\/svg\" fill=\"none\" viewBox=\"0 0 18 18\" height=\"18\" width=\"18\">\n<path fill=\"#520100\" d=\"M16.95 18C14.8667 18 12.8083 17.5458 10.775 16.6375C8.74167 15.7292 6.89167 14.4417 5.225 12.775C3.55833 11.1083 2.27083 9.25833 1.3625 7.225C0.454167 5.19167 0 3.13333 0 1.05C0 0.75 0.1 0.5 0.3 0.3C0.5 0.1 0.75 0 1.05 0H5.1C5.33333 0 5.54167 0.0791667 5.725 0.2375C5.90833 0.395833 6.01667 0.583333 6.05 0.8L6.7 4.3C6.73333 4.56667 6.725 4.79167 6.675 4.975C6.625 5.15833 6.53333 5.31667 6.4 5.45L3.975 7.9C4.30833 8.51667 4.70417 9.1125 5.1625 9.6875C5.62083 10.2625 6.125 10.8167 6.675 11.35C7.19167 11.8667 7.73333 12.3458 8.3 12.7875C8.86667 13.2292 9.46667 13.6333 10.1 14L12.45 11.65C12.6 11.5 12.7958 11.3875 13.0375 11.3125C13.2792 11.2375 13.5167 11.2167 13.75 11.25L17.2 11.95C17.4333 12.0167 17.625 12.1375 17.775 12.3125C17.925 12.4875 18 12.6833 18 12.9V16.95C18 17.25 17.9 17.5 17.7 17.7C17.5 17.9 17.25 18 16.95 18ZM3.025 6L4.675 4.35L4.25 2H2.025C2.10833 2.68333 2.225 3.35833 2.375 4.025C2.525 4.69167 2.74167 5.35 3.025 6ZM11.975 14.95C12.625 15.2333 13.2875 15.4583 13.9625 15.625C14.6375 15.7917 15.3167 15.9 16 15.95V13.75L13.65 13.275L11.975 14.95Z\"><\/path>\n<\/svg>\n<\/span>\n\n\n\n<div class=\"gb-element-08a404cf gb-element-05eb37c9\">\n<h3 class=\"gb-text h3 mb-0 gb-text-b86185cb gb-text-0330cc53\">Contact<\/h3>\n\n\n\n<a class=\"gb-text gb-text-c786ef25 gb-text-94576352\" href=\"tel:+34931234567\">+34 931 234 567<\/a>\n\n\n\n<a class=\"gb-text gb-text-03624127 gb-text-94576352\" href=\"mailto:reservas@alobeirut.com\">reservas@alobeirut.com<\/a>\n<\/div>\n<\/div>\n\n\n\n<div class=\"gb-element-00c89249 gb-element-c80b1d2a\">\n<span class=\"gb-shape gb-shape-bd8e2f30\"><svg xmlns=\"http:\/\/www.w3.org\/2000\/svg\" fill=\"none\" viewBox=\"0 0 20 20\" height=\"20\" width=\"20\">\n<path fill=\"#520100\" d=\"M13.3 14.7L14.7 13.3L11 9.6V5H9V10.4L13.3 14.7ZM10 20C8.61667 20 7.31667 19.7375 6.1 19.2125C4.88333 18.6875 3.825 17.975 2.925 17.075C2.025 16.175 1.3125 15.1167 0.7875 13.9C0.2625 12.6833 0 11.3833 0 10C0 8.61667 0.2625 7.31667 0.7875 6.1C1.3125 4.88333 2.025 3.825 2.925 2.925C3.825 2.025 4.88333 1.3125 6.1 0.7875C7.31667 0.2625 8.61667 0 10 0C11.3833 0 12.6833 0.2625 13.9 0.7875C15.1167 1.3125 16.175 2.025 17.075 2.925C17.975 3.825 18.6875 4.88333 19.2125 6.1C19.7375 7.31667 20 8.61667 20 10C20 11.3833 19.7375 12.6833 19.2125 13.9C18.6875 15.1167 17.975 16.175 17.075 17.075C16.175 17.975 15.1167 18.6875 13.9 19.2125C12.6833 19.7375 11.3833 20 10 20ZM10 18C12.2167 18 14.1042 17.2208 15.6625 15.6625C17.2208 14.1042 18 12.2167 18 10C18 7.78333 17.2208 5.89583 15.6625 4.3375C14.1042 2.77917 12.2167 2 10 2C7.78333 2 5.89583 2.77917 4.3375 4.3375C2.77917 5.89583 2 7.78333 2 10C2 12.2167 2.77917 14.1042 4.3375 15.6625C5.89583 17.2208 7.78333 18 10 18Z\"><\/path>\n<\/svg>\n<\/span>\n\n\n\n<div class=\"gb-element-89f1a82c gb-element-05eb37c9\">\n<h3 class=\"gb-text h3 mb-0 gb-text-85c23885 gb-text-0330cc53\">Opening hours<\/h3>\n\n\n\n<div class=\"gb-text gb-text-bb7931c4 gb-text-94576352\">Mon &#8211; Thu: 1:00 PM &#8211; 4:30 PM, 8:00 PM &#8211; 11:30 PM\u2028<br>Fri &#8211; Sun: 1:00 PM &#8211; 12:00 AM<\/div>\n<\/div>\n<\/div>\n<\/div>\n<\/div>\n\n\n\n<div class=\"gb-element-b0ad41bc gb-element-a0470646\">\n<img decoding=\"async\" width=\"668\" height=\"666\" class=\"gb-media-481748a9 gb-media-ec8e48ee\" src=\"http:\/\/alobeirut.com\/wp-content\/uploads\/2026\/03\/Map.png\" alt=\"Barcelona map\" title=\"Map\" srcset=\"https:\/\/alobeirut.com\/wp-content\/uploads\/2026\/03\/Map.png 668w, https:\/\/alobeirut.com\/wp-content\/uploads\/2026\/03\/Map-300x300.png 300w, https:\/\/alobeirut.com\/wp-content\/uploads\/2026\/03\/Map-150x150.png 150w\" sizes=\"(max-width: 668px) 100vw, 668px\" \/>\n<\/div>\n<\/div>\n<\/div>\n<\/section>\n\n\n\n<section class=\"section-py section-px gb-element-adcef1c2\">\n<div class=\"inner-content gb-element-8546ee93\">\n<div class=\"gb-element-09276f21\">\n<img decoding=\"async\" width=\"747\" height=\"786\" class=\"gb-media-59179b73 gb-media-6fa1176e\" src=\"http:\/\/alobeirut.com\/wp-content\/uploads\/2026\/03\/Una-cocina-para-todos.jpg\" alt=\"Plato combinado con tres cuencos de hummus, ensalada de perejil y tomate, y tri\u00e1ngulos de pan pita.\" title=\"Una cocina para todos\" srcset=\"https:\/\/alobeirut.com\/wp-content\/uploads\/2026\/03\/Una-cocina-para-todos.jpg 747w, https:\/\/alobeirut.com\/wp-content\/uploads\/2026\/03\/Una-cocina-para-todos-285x300.jpg 285w\" sizes=\"(max-width: 747px) 100vw, 747px\" \/>\n<\/div>\n\n\n\n<div class=\"gb-element-a23a0ab2\">\n<div class=\"section-py gb-element-e94fb5e7 gb-element-e90238d7\">\n<h2 class=\"gb-text h2 gb-text-2b203912\">Explore our menu<\/h2>\n\n\n\n<p>From our famous Hummus Beiruti to charcoal-grilled lamb skewers. Everything is prepared following traditional recipes. <\/p>\n\n\n\n<div class=\"list-check gb-element-e6167a94 gb-element-fbab868b\">\n<ul class=\"wp-block-list\">\n<li>Cold Starters<\/li>\n\n\n\n<li>Shawarma &amp; Wraps<\/li>\n\n\n\n<li>Charcoal-Grilled Meats<\/li>\n\n\n\n<li>Homemade Desserts<\/li>\n<\/ul>\n<\/div>\n\n\n\n<button class=\"gb-text btn btn-accent\" data-gb-overlay=\"gb-overlay-515\">View Full Menu<\/button>\n<\/div>\n<\/div>\n<\/div>\n<\/section>\n\n\n\n<section class=\"section-px section-py\">\n<div class=\"section-py gb-element-6a7466ce gb-element-4f9ad42c\" style=\"--inline-bg-image: url(http:\/\/alobeirut.com\/wp-content\/uploads\/2026\/03\/hummus-cremoso-pan-pita-aperitivo.jpg)\">\n<div class=\"gb-element-012e7a02 gb-element-80013496\">\n<h2 class=\"gb-text h2 gb-text-ce7f0057 gb-text-45f36f29\">Reserva tu mesa y vive la experiencia<\/h2>\n\n\n\n<div class=\"gb-text gb-text-52a70aa0 gb-text-c23f1c68\">Te esperamos para compartir lo mejor de la gastronom\u00eda libanesa en el centro de Barcelona.<\/div>\n<\/div>\n\n\n\n<div class=\"gb-element-3ca786a6 gb-element-f5edbdee\">\n<button class=\"gb-text btn btn-accent\" aria-label=\"reservar tu mesa\" data-gb-overlay=\"gb-overlay-509\" role=\"button\" aria-haspopup=\"dialog\" aria-expanded=\"false\">Reserva tu Mesa<\/button>\n<\/div>\n<\/div>\n<\/section>\n\n\n\n<section>\n<div class=\"section-px gb-element-0ecef438 gb-element-0ecef438\">\n<div class=\"section-py gb-element-caefd9dd gb-element-caefd9dd\">\n<div class=\"gb-element-6be9449e gb-element-6be9449e\">\n<h2 class=\"gb-text mb-0 gb-text-aaa0346b gb-text-aaa0346b\">Where We Are<\/h2>\n\n\n\n<div class=\"gb-element-86d2e711 gb-element-86d2e711\">\n<div class=\"gb-element-96abe08b gb-element-96abe08b\">\n<span class=\"gb-shape gb-shape-e031c7bf\"><svg xmlns=\"http:\/\/www.w3.org\/2000\/svg\" fill=\"none\" viewBox=\"0 0 16 20\" height=\"20\" width=\"16\">\n<path fill=\"white\" d=\"M8 10C8.55 10 9.02083 9.80417 9.4125 9.4125C9.80417 9.02083 10 8.55 10 8C10 7.45 9.80417 6.97917 9.4125 6.5875C9.02083 6.19583 8.55 6 8 6C7.45 6 6.97917 6.19583 6.5875 6.5875C6.19583 6.97917 6 7.45 6 8C6 8.55 6.19583 9.02083 6.5875 9.4125C6.97917 9.80417 7.45 10 8 10ZM8 17.35C10.0333 15.4833 11.5417 13.7875 12.525 12.2625C13.5083 10.7375 14 9.38333 14 8.2C14 6.38333 13.4208 4.89583 12.2625 3.7375C11.1042 2.57917 9.68333 2 8 2C6.31667 2 4.89583 2.57917 3.7375 3.7375C2.57917 4.89583 2 6.38333 2 8.2C2 9.38333 2.49167 10.7375 3.475 12.2625C4.45833 13.7875 5.96667 15.4833 8 17.35ZM8 20C5.31667 17.7167 3.3125 15.5958 1.9875 13.6375C0.6625 11.6792 0 9.86667 0 8.2C0 5.7 0.804167 3.70833 2.4125 2.225C4.02083 0.741667 5.88333 0 8 0C10.1167 0 11.9792 0.741667 13.5875 2.225C15.1958 3.70833 16 5.7 16 8.2C16 9.86667 15.3375 11.6792 14.0125 13.6375C12.6875 15.5958 10.6833 17.7167 8 20Z\"><\/path>\n<\/svg>\n<\/span>\n\n\n\n<div class=\"gb-element-434f048a gb-element-434f048a\">\n<h3 class=\"gb-text h3 mb-0 gb-text-c4dcf4ac\">Address<\/h3>\n\n\n\n<p class=\"gb-text gb-text-8a2982d5 gb-text-8a2982d5\"><a href=\"https:\/\/share.google\/bnNFGh4ydOwvHaWXB\" target=\"_blank\" rel=\"noreferrer noopener\">Carrer d\u2019Aribau, 90, 08036 Barcelona<\/a><\/p>\n<\/div>\n<\/div>\n\n\n\n<div class=\"gb-element-c68b88aa gb-element-c68b88aa\">\n<span class=\"gb-shape gb-shape-89b910d2\"><svg xmlns=\"http:\/\/www.w3.org\/2000\/svg\" fill=\"none\" viewBox=\"0 0 18 18\" height=\"18\" width=\"18\">\n<path fill=\"white\" d=\"M16.95 18C14.8667 18 12.8083 17.5458 10.775 16.6375C8.74167 15.7292 6.89167 14.4417 5.225 12.775C3.55833 11.1083 2.27083 9.25833 1.3625 7.225C0.454167 5.19167 0 3.13333 0 1.05C0 0.75 0.1 0.5 0.3 0.3C0.5 0.1 0.75 0 1.05 0H5.1C5.33333 0 5.54167 0.0791667 5.725 0.2375C5.90833 0.395833 6.01667 0.583333 6.05 0.8L6.7 4.3C6.73333 4.56667 6.725 4.79167 6.675 4.975C6.625 5.15833 6.53333 5.31667 6.4 5.45L3.975 7.9C4.30833 8.51667 4.70417 9.1125 5.1625 9.6875C5.62083 10.2625 6.125 10.8167 6.675 11.35C7.19167 11.8667 7.73333 12.3458 8.3 12.7875C8.86667 13.2292 9.46667 13.6333 10.1 14L12.45 11.65C12.6 11.5 12.7958 11.3875 13.0375 11.3125C13.2792 11.2375 13.5167 11.2167 13.75 11.25L17.2 11.95C17.4333 12.0167 17.625 12.1375 17.775 12.3125C17.925 12.4875 18 12.6833 18 12.9V16.95C18 17.25 17.9 17.5 17.7 17.7C17.5 17.9 17.25 18 16.95 18ZM3.025 6L4.675 4.35L4.25 2H2.025C2.10833 2.68333 2.225 3.35833 2.375 4.025C2.525 4.69167 2.74167 5.35 3.025 6ZM11.975 14.95C12.625 15.2333 13.2875 15.4583 13.9625 15.625C14.6375 15.7917 15.3167 15.9 16 15.95V13.75L13.65 13.275L11.975 14.95Z\"><\/path>\n<\/svg>\n<\/span>\n\n\n\n<div class=\"gb-element-3b2bec3b gb-element-3b2bec3b\">\n<h3 class=\"gb-text h3 mb-0 gb-text-f5ab47f3\">Phone<\/h3>\n\n\n\n<a class=\"gb-text gb-text-dff2e6aa gb-text-dff2e6aa\" aria-label=\"Llamar al restaurante\" href=\"tel:+34931234567\">+34 931 234 567<\/a>\n<\/div>\n<\/div>\n\n\n\n<div class=\"gb-element-fab555a0 gb-element-fab555a0\">\n<span class=\"gb-shape gb-shape-9ad335f9\"><svg xmlns=\"http:\/\/www.w3.org\/2000\/svg\" fill=\"none\" viewBox=\"0 0 20 20\" height=\"20\" width=\"20\">\n<path fill=\"white\" d=\"M13.3 14.7L14.7 13.3L11 9.6V5H9V10.4L13.3 14.7ZM10 20C8.61667 20 7.31667 19.7375 6.1 19.2125C4.88333 18.6875 3.825 17.975 2.925 17.075C2.025 16.175 1.3125 15.1167 0.7875 13.9C0.2625 12.6833 0 11.3833 0 10C0 8.61667 0.2625 7.31667 0.7875 6.1C1.3125 4.88333 2.025 3.825 2.925 2.925C3.825 2.025 4.88333 1.3125 6.1 0.7875C7.31667 0.2625 8.61667 0 10 0C11.3833 0 12.6833 0.2625 13.9 0.7875C15.1167 1.3125 16.175 2.025 17.075 2.925C17.975 3.825 18.6875 4.88333 19.2125 6.1C19.7375 7.31667 20 8.61667 20 10C20 11.3833 19.7375 12.6833 19.2125 13.9C18.6875 15.1167 17.975 16.175 17.075 17.075C16.175 17.975 15.1167 18.6875 13.9 19.2125C12.6833 19.7375 11.3833 20 10 20ZM10 18C12.2167 18 14.1042 17.2208 15.6625 15.6625C17.2208 14.1042 18 12.2167 18 10C18 7.78333 17.2208 5.89583 15.6625 4.3375C14.1042 2.77917 12.2167 2 10 2C7.78333 2 5.89583 2.77917 4.3375 4.3375C2.77917 5.89583 2 7.78333 2 10C2 12.2167 2.77917 14.1042 4.3375 15.6625C5.89583 17.2208 7.78333 18 10 18Z\"><\/path>\n<\/svg>\n<\/span>\n\n\n\n<div class=\"gb-element-7d2dd4ac gb-element-7d2dd4ac\">\n<h3 class=\"gb-text h3 mb-0 gb-text-910131f8\">Business Hours<\/h3>\n\n\n\n<p class=\"gb-text gb-text-e3550297\">Lun &#8211; Jue: 13:00 &#8211; 16:30, 20:00 &#8211; 23:30 <br>Vie &#8211; Dom: 13:00 &#8211; 24:00<\/p>\n<\/div>\n<\/div>\n<\/div>\n<\/div>\n<\/div>\n\n\n\n<div class=\"gb-element-4b336bfe\">\n<iframe src=\"https:\/\/www.google.com\/maps\/embed?pb=!1m18!1m12!1m3!1d5082.335143412846!2d2.1552526130233884!3d41.38978737117998!2m3!1f0!2f0!3f0!3m2!1i1024!2i768!4f13.1!3m3!1m2!1s0x12a4a28e49c911d3%3A0xf2089d0de5a4e40a!2sAlo%20Beirut%20Restaurant!5e1!3m2!1spt-BR!2sbr!4v1773755399455!5m2!1spt-BR!2sbr\" width=\"600\" height=\"450\" style=\"border:0;\" allowfullscreen=\"\" loading=\"lazy\" referrerpolicy=\"no-referrer-when-downgrade\" title=\"Ubicaci\u00f3n del restaurante Alo Beirut\" aria-label=\"Mapa incrustado de Google Maps que muestra la ubicaci\u00f3n del restaurante Alo Beirut en Barcelona, con un marcador se\u00f1alando el lugar espec\u00edfico.\" ><\/iframe>\n<\/div>\n<\/div>\n<\/section>\n","protected":false},"excerpt":{"rendered":"<p>DELIVERY BARCELONA Book a table at Alo Beirut Enjoy the authentic Lebanese experience in the heartof the city. Homemade hummus, charcoal-grilled meats, and the bestMediterranean atmosphere. Book a Table How does it work? Three simple steps to secure your table in seconds. Choose date and time Pick the perfect time. We\u2019re open every day for &#8230; <a title=\"Book a table\" class=\"read-more\" href=\"https:\/\/alobeirut.com\/en\/book-a-table\/\" aria-label=\"Read more about Book a table\">Read more<\/a><\/p>\n","protected":false},"author":2,"featured_media":834,"parent":0,"menu_order":0,"comment_status":"closed","ping_status":"closed","template":"","meta":{"_acf_changed":false,"footnotes":""},"class_list":["post-657","page","type-page","status-publish","has-post-thumbnail"],"acf":[],"_links":{"self":[{"href":"https:\/\/alobeirut.com\/en\/wp-json\/wp\/v2\/pages\/657","targetHints":{"allow":["GET"]}}],"collection":[{"href":"https:\/\/alobeirut.com\/en\/wp-json\/wp\/v2\/pages"}],"about":[{"href":"https:\/\/alobeirut.com\/en\/wp-json\/wp\/v2\/types\/page"}],"author":[{"embeddable":true,"href":"https:\/\/alobeirut.com\/en\/wp-json\/wp\/v2\/users\/2"}],"replies":[{"embeddable":true,"href":"https:\/\/alobeirut.com\/en\/wp-json\/wp\/v2\/comments?post=657"}],"version-history":[{"count":4,"href":"https:\/\/alobeirut.com\/en\/wp-json\/wp\/v2\/pages\/657\/revisions"}],"predecessor-version":[{"id":863,"href":"https:\/\/alobeirut.com\/en\/wp-json\/wp\/v2\/pages\/657\/revisions\/863"}],"wp:featuredmedia":[{"embeddable":true,"href":"https:\/\/alobeirut.com\/en\/wp-json\/wp\/v2\/media\/834"}],"wp:attachment":[{"href":"https:\/\/alobeirut.com\/en\/wp-json\/wp\/v2\/media?parent=657"}],"curies":[{"name":"wp","href":"https:\/\/api.w.org\/{rel}","templated":true}]}}