{"id":659,"date":"2026-03-18T12:26:17","date_gmt":"2026-03-18T12:26:17","guid":{"rendered":"https:\/\/alobeirut.com\/takeaway\/"},"modified":"2026-04-08T16:57:25","modified_gmt":"2026-04-08T16:57:25","slug":"takeaway","status":"publish","type":"page","link":"https:\/\/alobeirut.com\/en\/takeaway\/","title":{"rendered":"Takeaway"},"content":{"rendered":"\n<section class=\"section-px gb-element-4013e18f\" style=\"--inline-bg-image: url(https:\/\/alobeirut.com\/wp-content\/uploads\/2026\/04\/shutterstock_563091901-scaled.jpg)\">\n<div class=\"inner-content gb-element-ba99a157\">\n<span class=\"gb-text eyebrow gb-text-216affea\">Take Away Authenticity<\/span>\n\n\n\n<h1 class=\"gb-text gb-text-00619f30\">Order Lebanese food to go<\/h1>\n\n\n\n<p class=\"gb-text gb-text-9608669e\">Enjoy the authentic taste of Beirut in the comfort of your<br>home. Freshly prepared, ready for pickup. <\/p>\n\n\n\n<div class=\"gb-element-2ec81b72\">\n<button class=\"gb-text btn-accent btn\" data-glf-cuid=\"\" data-glf-ruid=\"a27ca75e-b7f3-46d3-93db-42d125b60c6f\" data-location=\"a27ca75e-b7f3-46d3-93db-42d125b60c6f\" aria-label=\"Pide comida para llevar\" role=\"button\" aria-haspopup=\"dialog\" aria-expanded=\"false\">View the menu<\/button>\n<\/div>\n<\/div>\n<\/section>\n\n\n\n<section class=\"gb-element-cf12a34b gb-element-cf12a34b\">\n<div class=\"gb-element-hw56c78d gb-element-hw56c78d\">\n<div class=\"gb-element-hd90e12f gb-element-hd90e12f\">\n<h2 class=\"gb-text h2 gb-text-tx34g56h gb-text-tx34g56h\">How does it work?<\/h2>\n\n\n\n<p>Three simple steps to secure your table in seconds.<\/p>\n<\/div>\n\n\n\n<div class=\"gb-element-gr78i90j\">\n<article class=\"gb-element-cd12k34l gb-element-cd12k34l\">\n<div class=\"gb-element-ic56m78n gb-element-ic56m78n\">\n<span class=\"gb-shape gb-shape-sh56m78n\" xmlns=\"http:\/\/www.w3.org\/2000\/svg\" viewbox=\"0 0 24 24\" stroke-linecap=\"round\" stroke-linejoin=\"round\"><svg fill=\"none\" viewBox=\"0 0 23 23\" height=\"23\" width=\"23\">\n<path fill=\"#EC4913\" d=\"M1.75 22.5L0 20.75L12.8125 7.9375C12.4375 7.0625 12.3854 6.07292 12.6562 4.96875C12.9271 3.86458 13.5208 2.875 14.4375 2C15.5417 0.895833 16.7708 0.25 18.125 0.0625C19.4792 -0.125 20.5833 0.208333 21.4375 1.0625C22.2917 1.91667 22.625 3.02083 22.4375 4.375C22.25 5.72917 21.6042 6.95833 20.5 8.0625C19.625 8.97917 18.6354 9.57292 17.5312 9.84375C16.4271 10.1146 15.4375 10.0625 14.5625 9.6875L13 11.25L22.5 20.75L20.75 22.5L11.25 13.0625L1.75 22.5ZM5.4375 11.8125L1.6875 8.0625C0.5625 6.9375 0 5.59375 0 4.03125C0 2.46875 0.5625 1.125 1.6875 0L9.4375 7.8125L5.4375 11.8125Z\"><\/path>\n<\/svg>\n\n<\/span>\n<\/div>\n\n\n\n<div class=\"gb-element-ct90o12p gb-element-ct90o12p\">\n<h3 class=\"gb-text h3 gb-text-tt34q56r gb-text-tt34q56r\">Choose your dishes<\/h3>\n\n\n\n<p class=\"gb-text gb-text-dc78s90t gb-text-dc78s90t\">Browse our selection of Hummus, Shawarmas, and Lebanese specialties.<\/p>\n<\/div>\n<\/article>\n\n\n\n<article class=\"gb-element-cd34u56v gb-element-cd34u56v\">\n<div class=\"gb-element-ic78w90x gb-element-ic78w90x\">\n<span class=\"gb-shape gb-shape-sh78w90x\" xmlns=\"http:\/\/www.w3.org\/2000\/svg\" viewbox=\"0 0 24 24\" stroke-linecap=\"round\" stroke-linejoin=\"round\"><svg fill=\"none\" viewBox=\"0 0 25 25\" height=\"25\" width=\"25\">\n<path fill=\"#EC4913\" d=\"M16.625 18.375L18.375 16.625L13.75 12V6.25H11.25V13L16.625 18.375ZM12.5 25C10.7708 25 9.14583 24.6719 7.625 24.0156C6.10417 23.3594 4.78125 22.4688 3.65625 21.3438C2.53125 20.2188 1.64062 18.8958 0.984375 17.375C0.328125 15.8542 0 14.2292 0 12.5C0 10.7708 0.328125 9.14583 0.984375 7.625C1.64062 6.10417 2.53125 4.78125 3.65625 3.65625C4.78125 2.53125 6.10417 1.64062 7.625 0.984375C9.14583 0.328125 10.7708 0 12.5 0C14.2292 0 15.8542 0.328125 17.375 0.984375C18.8958 1.64062 20.2188 2.53125 21.3438 3.65625C22.4688 4.78125 23.3594 6.10417 24.0156 7.625C24.6719 9.14583 25 10.7708 25 12.5C25 14.2292 24.6719 15.8542 24.0156 17.375C23.3594 18.8958 22.4688 20.2188 21.3438 21.3438C20.2188 22.4688 18.8958 23.3594 17.375 24.0156C15.8542 24.6719 14.2292 25 12.5 25ZM12.5 22.5C15.2708 22.5 17.6302 21.526 19.5781 19.5781C21.526 17.6302 22.5 15.2708 22.5 12.5C22.5 9.72917 21.526 7.36979 19.5781 5.42188C17.6302 3.47396 15.2708 2.5 12.5 2.5C9.72917 2.5 7.36979 3.47396 5.42188 5.42188C3.47396 7.36979 2.5 9.72917 2.5 12.5C2.5 15.2708 3.47396 17.6302 5.42188 19.5781C7.36979 21.526 9.72917 22.5 12.5 22.5Z\"><\/path>\n<\/svg>\n<\/span>\n<\/div>\n\n\n\n<div class=\"gb-element-ct12y34z gb-element-ct12y34z\">\n<h3 class=\"gb-text h3 gb-text-tt56a78b gb-text-tt56a78b\">Set the time<\/h3>\n\n\n\n<p class=\"gb-text gb-text-dc90c12d gb-text-dc90c12d\">We make sure it&#8217;s freshly made just as you arrive at the restaurant.<\/p>\n<\/div>\n<\/article>\n\n\n\n<article class=\"gb-element-cd34e56f gb-element-cd34e56f\">\n<div class=\"gb-element-ic78g90h gb-element-ic78g90h\">\n<span class=\"gb-shape gb-shape-sh78g90h\" xmlns=\"http:\/\/www.w3.org\/2000\/svg\" viewbox=\"0 0 24 24\" stroke-linecap=\"round\" stroke-linejoin=\"round\"><svg fill=\"none\" viewBox=\"0 0 20 25\" height=\"25\" width=\"20\">\n<path fill=\"#EC4913\" d=\"M2.5 25C1.8125 25 1.22396 24.7552 0.734375 24.2656C0.244792 23.776 0 23.1875 0 22.5V7.5C0 6.8125 0.244792 6.22396 0.734375 5.73438C1.22396 5.24479 1.8125 5 2.5 5H5C5 3.625 5.48958 2.44792 6.46875 1.46875C7.44792 0.489583 8.625 0 10 0C11.375 0 12.5521 0.489583 13.5312 1.46875C14.5104 2.44792 15 3.625 15 5H17.5C18.1875 5 18.776 5.24479 19.2656 5.73438C19.7552 6.22396 20 6.8125 20 7.5V22.5C20 23.1875 19.7552 23.776 19.2656 24.2656C18.776 24.7552 18.1875 25 17.5 25H2.5ZM2.5 22.5H17.5V7.5H15V10C15 10.3542 14.8802 10.651 14.6406 10.8906C14.401 11.1302 14.1042 11.25 13.75 11.25C13.3958 11.25 13.099 11.1302 12.8594 10.8906C12.6198 10.651 12.5 10.3542 12.5 10V7.5H7.5V10C7.5 10.3542 7.38021 10.651 7.14062 10.8906C6.90104 11.1302 6.60417 11.25 6.25 11.25C5.89583 11.25 5.59896 11.1302 5.35938 10.8906C5.11979 10.651 5 10.3542 5 10V7.5H2.5V22.5ZM7.5 5H12.5C12.5 4.3125 12.2552 3.72396 11.7656 3.23438C11.276 2.74479 10.6875 2.5 10 2.5C9.3125 2.5 8.72396 2.74479 8.23438 3.23438C7.74479 3.72396 7.5 4.3125 7.5 5ZM2.5 22.5V7.5V22.5Z\"><\/path>\n<\/svg>\n<\/span>\n<\/div>\n\n\n\n<div class=\"gb-element-ct12i34j gb-element-ct12i34j\">\n<h3 class=\"gb-text h3 gb-text-tt56k78l gb-text-tt56k78l\">Pick it up<\/h3>\n\n\n\n<p class=\"gb-text gb-text-dc90m12n gb-text-dc90m12n\">We&#8217;ll have it ready and hot for you at our place. No waiting, straight to your table. <\/p>\n<\/div>\n<\/article>\n<\/div>\n<\/div>\n<\/section>\n\n\n\n<section class=\"section-px section-py\">\n<div class=\"inner-content gb-element-d3bab9ec\">\n<div class=\"gb-element-7e739e45\">\n<div class=\"gb-element-8e67a940 gb-element-98266f8b\">\n<div class=\"gb-element-53bd802e\">\n<h2 class=\"gb-text h2 gb-text-d0d5fb3a gb-text-9495f274\">Pickup at Alo Beirut<\/h2>\n<\/div>\n\n\n\n<div class=\"gb-element-3a7cbe73 gb-element-d12422a5\">\n<div class=\"gb-element-e95c41b4 gb-element-c80b1d2a\">\n<span class=\"gb-shape gb-shape-8c412834\"><svg fill=\"none\" viewBox=\"0 0 16 20\" height=\"20\" width=\"16\" xmlns=\"http:\/\/www.w3.org\/2000\/svg\">\n<path fill=\"#520100\" d=\"M8 10C8.55 10 9.02083 9.80417 9.4125 9.4125C9.80417 9.02083 10 8.55 10 8C10 7.45 9.80417 6.97917 9.4125 6.5875C9.02083 6.19583 8.55 6 8 6C7.45 6 6.97917 6.19583 6.5875 6.5875C6.19583 6.97917 6 7.45 6 8C6 8.55 6.19583 9.02083 6.5875 9.4125C6.97917 9.80417 7.45 10 8 10ZM8 17.35C10.0333 15.4833 11.5417 13.7875 12.525 12.2625C13.5083 10.7375 14 9.38333 14 8.2C14 6.38333 13.4208 4.89583 12.2625 3.7375C11.1042 2.57917 9.68333 2 8 2C6.31667 2 4.89583 2.57917 3.7375 3.7375C2.57917 4.89583 2 6.38333 2 8.2C2 9.38333 2.49167 10.7375 3.475 12.2625C4.45833 13.7875 5.96667 15.4833 8 17.35ZM8 20C5.31667 17.7167 3.3125 15.5958 1.9875 13.6375C0.6625 11.6792 0 9.86667 0 8.2C0 5.7 0.804167 3.70833 2.4125 2.225C4.02083 0.741667 5.88333 0 8 0C10.1167 0 11.9792 0.741667 13.5875 2.225C15.1958 3.70833 16 5.7 16 8.2C16 9.86667 15.3375 11.6792 14.0125 13.6375C12.6875 15.5958 10.6833 17.7167 8 20Z\"><\/path>\n<\/svg>\n<\/span>\n\n\n\n<div class=\"gb-element-c5a81374 gb-element-05eb37c9\">\n<h3 class=\"gb-text h3 mb-0 gb-text-568c0b19 gb-text-0330cc53\">Address<\/h3>\n\n\n\n<div class=\"gb-text gb-text-9ee6f077 gb-text-94576352\">Carrer d\u2019Aribau, 90, 08036 Barcelona<\/div>\n<\/div>\n<\/div>\n\n\n\n<div class=\"gb-element-5b96c3d7 gb-element-c80b1d2a\">\n<span class=\"gb-shape gb-shape-021a9491\"><svg fill=\"none\" viewBox=\"0 0 18 18\" height=\"18\" width=\"18\" xmlns=\"http:\/\/www.w3.org\/2000\/svg\">\n<path fill=\"#520100\" d=\"M16.95 18C14.8667 18 12.8083 17.5458 10.775 16.6375C8.74167 15.7292 6.89167 14.4417 5.225 12.775C3.55833 11.1083 2.27083 9.25833 1.3625 7.225C0.454167 5.19167 0 3.13333 0 1.05C0 0.75 0.1 0.5 0.3 0.3C0.5 0.1 0.75 0 1.05 0H5.1C5.33333 0 5.54167 0.0791667 5.725 0.2375C5.90833 0.395833 6.01667 0.583333 6.05 0.8L6.7 4.3C6.73333 4.56667 6.725 4.79167 6.675 4.975C6.625 5.15833 6.53333 5.31667 6.4 5.45L3.975 7.9C4.30833 8.51667 4.70417 9.1125 5.1625 9.6875C5.62083 10.2625 6.125 10.8167 6.675 11.35C7.19167 11.8667 7.73333 12.3458 8.3 12.7875C8.86667 13.2292 9.46667 13.6333 10.1 14L12.45 11.65C12.6 11.5 12.7958 11.3875 13.0375 11.3125C13.2792 11.2375 13.5167 11.2167 13.75 11.25L17.2 11.95C17.4333 12.0167 17.625 12.1375 17.775 12.3125C17.925 12.4875 18 12.6833 18 12.9V16.95C18 17.25 17.9 17.5 17.7 17.7C17.5 17.9 17.25 18 16.95 18ZM3.025 6L4.675 4.35L4.25 2H2.025C2.10833 2.68333 2.225 3.35833 2.375 4.025C2.525 4.69167 2.74167 5.35 3.025 6ZM11.975 14.95C12.625 15.2333 13.2875 15.4583 13.9625 15.625C14.6375 15.7917 15.3167 15.9 16 15.95V13.75L13.65 13.275L11.975 14.95Z\"><\/path>\n<\/svg>\n<\/span>\n\n\n\n<div class=\"gb-element-08a404cf gb-element-05eb37c9\">\n<h3 class=\"gb-text h3 mb-0 gb-text-b86185cb gb-text-0330cc53\">Contact<\/h3>\n\n\n\n<a class=\"gb-text gb-text-c786ef25 gb-text-94576352\" href=\"tel:+34931234567\">+34 931 234 567<\/a>\n<\/div>\n<\/div>\n\n\n\n<div class=\"gb-element-00c89249 gb-element-c80b1d2a\">\n<span class=\"gb-shape gb-shape-bd8e2f30\"><svg fill=\"none\" viewBox=\"0 0 20 20\" height=\"20\" width=\"20\" xmlns=\"http:\/\/www.w3.org\/2000\/svg\">\n<path fill=\"#520100\" d=\"M13.3 14.7L14.7 13.3L11 9.6V5H9V10.4L13.3 14.7ZM10 20C8.61667 20 7.31667 19.7375 6.1 19.2125C4.88333 18.6875 3.825 17.975 2.925 17.075C2.025 16.175 1.3125 15.1167 0.7875 13.9C0.2625 12.6833 0 11.3833 0 10C0 8.61667 0.2625 7.31667 0.7875 6.1C1.3125 4.88333 2.025 3.825 2.925 2.925C3.825 2.025 4.88333 1.3125 6.1 0.7875C7.31667 0.2625 8.61667 0 10 0C11.3833 0 12.6833 0.2625 13.9 0.7875C15.1167 1.3125 16.175 2.025 17.075 2.925C17.975 3.825 18.6875 4.88333 19.2125 6.1C19.7375 7.31667 20 8.61667 20 10C20 11.3833 19.7375 12.6833 19.2125 13.9C18.6875 15.1167 17.975 16.175 17.075 17.075C16.175 17.975 15.1167 18.6875 13.9 19.2125C12.6833 19.7375 11.3833 20 10 20ZM10 18C12.2167 18 14.1042 17.2208 15.6625 15.6625C17.2208 14.1042 18 12.2167 18 10C18 7.78333 17.2208 5.89583 15.6625 4.3375C14.1042 2.77917 12.2167 2 10 2C7.78333 2 5.89583 2.77917 4.3375 4.3375C2.77917 5.89583 2 7.78333 2 10C2 12.2167 2.77917 14.1042 4.3375 15.6625C5.89583 17.2208 7.78333 18 10 18Z\"><\/path>\n<\/svg>\n<\/span>\n\n\n\n<div class=\"gb-element-89f1a82c gb-element-05eb37c9\">\n<h3 class=\"gb-text h3 mb-0 gb-text-85c23885 gb-text-0330cc53\">Pickup Hours<\/h3>\n\n\n\n<div class=\"gb-text gb-text-bb7931c4 gb-text-94576352\">Mon &#8211; Sun: 1:00 PM &#8211; 4:30 PM | 8:00 PM &#8211; 11:30 PM<\/div>\n<\/div>\n<\/div>\n<\/div>\n<\/div>\n\n\n\n<div class=\"gb-element-b0ad41bc gb-element-a0470646\">\n<img decoding=\"async\" width=\"668\" height=\"666\" class=\"gb-media-481748a9 gb-media-ec8e48ee\" src=\"http:\/\/alobeirut.com\/wp-content\/uploads\/2026\/03\/Map.png\" alt=\"Map of Barcelona\" title=\"Map\" srcset=\"https:\/\/alobeirut.com\/wp-content\/uploads\/2026\/03\/Map.png 668w, https:\/\/alobeirut.com\/wp-content\/uploads\/2026\/03\/Map-300x300.png 300w, https:\/\/alobeirut.com\/wp-content\/uploads\/2026\/03\/Map-150x150.png 150w\" sizes=\"(max-width: 668px) 100vw, 668px\" \/>\n<\/div>\n<\/div>\n<\/div>\n<\/section>\n\n\n\n<section class=\"section-px section-py\">\n<div class=\"inner-content gb-element-d0c53c7d\">\n<h2 class=\"gb-text h2 gb-text-57f5e549\">Explore our menu<\/h2>\n\n\n\n<p class=\"gb-text gb-text-0325b301\">Explore the most popular dishes you can order today. From traditional mezzes to grilled meats.<\/p>\n\n\n\n<div><div class=\"gb-looper-1ae77bb1\">\n<div class=\"gb-loop-item post-779 carta type-carta status-publish has-post-thumbnail hentry etiqueta-de-producto-vegan\">\n<div>\n<img decoding=\"async\" width=\"2560\" height=\"1707\" data-media-id=\"780\" class=\"gb-media-40f81bd5\" alt=\"Tabul\u00e9 liban\u00e9s fresco con perejil, tomate y bulgur, servido en plato con hojas de lechuga\" src=\"https:\/\/alobeirut.com\/wp-content\/uploads\/2026\/03\/01_Tabule-scaled.jpg\" srcset=\"https:\/\/alobeirut.com\/wp-content\/uploads\/2026\/03\/01_Tabule-scaled.jpg 2560w, https:\/\/alobeirut.com\/wp-content\/uploads\/2026\/03\/01_Tabule-300x200.jpg 300w, https:\/\/alobeirut.com\/wp-content\/uploads\/2026\/03\/01_Tabule-1024x683.jpg 1024w, https:\/\/alobeirut.com\/wp-content\/uploads\/2026\/03\/01_Tabule-768x512.jpg 768w, https:\/\/alobeirut.com\/wp-content\/uploads\/2026\/03\/01_Tabule-1536x1024.jpg 1536w, https:\/\/alobeirut.com\/wp-content\/uploads\/2026\/03\/01_Tabule-2048x1366.jpg 2048w\" sizes=\"(max-width: 2560px) 100vw, 2560px\" \/>\n\n\n\n<div class=\"gb-element-f0907c67\">\n<div class=\"gb-text\">Tabbouleh (Vegan)<\/div>\n\n\n\n<div class=\"gb-element-2c1363b4\"><p><\/p>\n<\/div>\n<\/div>\n\n\n\n<div class=\"gb-text gb-text-d9cd72ac\"><!-- wp:paragraph {\"translatedWithWPMLTM\":\"1\"} -->\n<p>Lebanese salad with parsley, mint, onion, tomato, and wheat bulgur.<\/p>\n<!-- \/wp:paragraph --><\/div>\n\n\n<\/div>\n<\/div>\n\n<div class=\"gb-loop-item post-771 carta type-carta status-publish has-post-thumbnail hentry etiqueta-de-producto-gluten-free etiqueta-de-producto-vegan\">\n<div>\n<img decoding=\"async\" width=\"2560\" height=\"1707\" data-media-id=\"772\" class=\"gb-media-40f81bd5\" alt=\"Baba ganoush de berenjena asada con tahini y aceite de oliva\" src=\"https:\/\/alobeirut.com\/wp-content\/uploads\/2026\/03\/10.Baba-gannush-scaled.jpg\" srcset=\"https:\/\/alobeirut.com\/wp-content\/uploads\/2026\/03\/10.Baba-gannush-scaled.jpg 2560w, https:\/\/alobeirut.com\/wp-content\/uploads\/2026\/03\/10.Baba-gannush-300x200.jpg 300w, https:\/\/alobeirut.com\/wp-content\/uploads\/2026\/03\/10.Baba-gannush-1024x683.jpg 1024w, https:\/\/alobeirut.com\/wp-content\/uploads\/2026\/03\/10.Baba-gannush-768x512.jpg 768w, https:\/\/alobeirut.com\/wp-content\/uploads\/2026\/03\/10.Baba-gannush-1536x1024.jpg 1536w, https:\/\/alobeirut.com\/wp-content\/uploads\/2026\/03\/10.Baba-gannush-2048x1366.jpg 2048w\" sizes=\"(max-width: 2560px) 100vw, 2560px\" \/>\n\n\n\n<div class=\"gb-element-f0907c67\">\n<div class=\"gb-text\">Baba Gannuj (Vegan\/Gluten-free)<\/div>\n\n\n\n<div class=\"gb-element-2c1363b4\"><p><\/p>\n<\/div>\n<\/div>\n\n\n\n<div class=\"gb-text gb-text-d9cd72ac\"><!-- wp:paragraph {\"translatedWithWPMLTM\":\"1\"} -->\n<p>Lebanese escalivada with eggplant, pepper, onion, and olive oil.<\/p>\n<!-- \/wp:paragraph --><\/div>\n\n\n<\/div>\n<\/div>\n\n<div class=\"gb-loop-item post-769 carta type-carta status-publish has-post-thumbnail hentry etiqueta-de-producto-gluten-free etiqueta-de-producto-vegan\">\n<div>\n<img decoding=\"async\" width=\"2560\" height=\"1704\" data-media-id=\"770\" class=\"gb-media-40f81bd5\" alt=\"Falafel crujiente con salsa tahini sobre ensalada fresca\" src=\"https:\/\/alobeirut.com\/wp-content\/uploads\/2026\/03\/11_Falafel-scaled.jpg\" srcset=\"https:\/\/alobeirut.com\/wp-content\/uploads\/2026\/03\/11_Falafel-scaled.jpg 2560w, https:\/\/alobeirut.com\/wp-content\/uploads\/2026\/03\/11_Falafel-300x200.jpg 300w, https:\/\/alobeirut.com\/wp-content\/uploads\/2026\/03\/11_Falafel-1024x682.jpg 1024w, https:\/\/alobeirut.com\/wp-content\/uploads\/2026\/03\/11_Falafel-768x511.jpg 768w, https:\/\/alobeirut.com\/wp-content\/uploads\/2026\/03\/11_Falafel-1536x1022.jpg 1536w, https:\/\/alobeirut.com\/wp-content\/uploads\/2026\/03\/11_Falafel-2048x1363.jpg 2048w\" sizes=\"(max-width: 2560px) 100vw, 2560px\" \/>\n\n\n\n<div class=\"gb-element-f0907c67\">\n<div class=\"gb-text\">Falafel (Vegan\/Gluten-free)<\/div>\n\n\n\n<div class=\"gb-element-2c1363b4\"><p><\/p>\n<\/div>\n<\/div>\n\n\n\n<div class=\"gb-text gb-text-d9cd72ac\"><!-- wp:paragraph {\"translatedWithWPMLTM\":\"1\"} -->\n<p>Chickpea croquettes with spices and fresh cilantro. (4 pieces)<\/p>\n<!-- \/wp:paragraph --><\/div>\n\n\n<\/div>\n<\/div>\n\n<div class=\"gb-loop-item post-767 carta type-carta status-publish has-post-thumbnail hentry etiqueta-de-producto-gluten-free etiqueta-de-producto-vegan\">\n<div>\n<img decoding=\"async\" width=\"2560\" height=\"1704\" data-media-id=\"768\" class=\"gb-media-40f81bd5\" alt=\"Ensalada de habas con tomate\" src=\"https:\/\/alobeirut.com\/wp-content\/uploads\/2026\/03\/14.Full-Mudammas-scaled.jpg\" srcset=\"https:\/\/alobeirut.com\/wp-content\/uploads\/2026\/03\/14.Full-Mudammas-scaled.jpg 2560w, https:\/\/alobeirut.com\/wp-content\/uploads\/2026\/03\/14.Full-Mudammas-300x200.jpg 300w, https:\/\/alobeirut.com\/wp-content\/uploads\/2026\/03\/14.Full-Mudammas-1024x682.jpg 1024w, https:\/\/alobeirut.com\/wp-content\/uploads\/2026\/03\/14.Full-Mudammas-768x511.jpg 768w, https:\/\/alobeirut.com\/wp-content\/uploads\/2026\/03\/14.Full-Mudammas-1536x1022.jpg 1536w, https:\/\/alobeirut.com\/wp-content\/uploads\/2026\/03\/14.Full-Mudammas-2048x1363.jpg 2048w\" sizes=\"(max-width: 2560px) 100vw, 2560px\" \/>\n\n\n\n<div class=\"gb-element-f0907c67\">\n<div class=\"gb-text\">Full Mudammas (Vegan\/Gluten-free)<\/div>\n\n\n\n<div class=\"gb-element-2c1363b4\"><p><\/p>\n<\/div>\n<\/div>\n\n\n\n<div class=\"gb-text gb-text-d9cd72ac\"><!-- wp:paragraph {\"translatedWithWPMLTM\":\"1\"} -->\n<p>Lebanese-style fava beans with garlic, chickpeas, and olive oil.<\/p>\n<!-- \/wp:paragraph --><\/div>\n\n\n<\/div>\n<\/div>\n<\/div><\/div>\n\n\n\n<div class=\"gb-element-887b2ace\">\n<button class=\"gb-text btn-accent btn\" data-glf-cuid=\"\" data-glf-ruid=\"a27ca75e-b7f3-46d3-93db-42d125b60c6f\" data-location=\"a27ca75e-b7f3-46d3-93db-42d125b60c6f\" role=\"button\" aria-haspopup=\"dialog\" aria-expanded=\"false\">View Full Menu<\/button>\n<\/div>\n<\/div>\n<\/section>\n\n\n\n<section class=\"section-px section-py\">\n<div class=\"section-py gb-element-6a7466ce gb-element-4f9ad42c\" style=\"--inline-bg-image: url(http:\/\/alobeirut.com\/wp-content\/uploads\/2026\/03\/hummus-cremoso-pan-pita-aperitivo.jpg)\">\n<div class=\"gb-element-012e7a02 gb-element-80013496\">\n<h2 class=\"gb-text h2 gb-text-ce7f0057 gb-text-45f36f29\">Reserva tu mesa y vive la experiencia<\/h2>\n\n\n\n<div class=\"gb-text gb-text-52a70aa0 gb-text-c23f1c68\">Te esperamos para compartir lo mejor de la gastronom\u00eda libanesa en el centro de Barcelona.<\/div>\n<\/div>\n\n\n\n<div class=\"gb-element-3ca786a6 gb-element-f5edbdee\">\n<button class=\"gb-text btn btn-accent\" aria-label=\"reservar tu mesa\" data-gb-overlay=\"gb-overlay-509\" role=\"button\" aria-haspopup=\"dialog\" aria-expanded=\"false\">Reserva tu Mesa<\/button>\n<\/div>\n<\/div>\n<\/section>\n\n\n\n<section>\n<div class=\"section-px gb-element-0ecef438 gb-element-0ecef438\">\n<div class=\"section-py gb-element-caefd9dd gb-element-caefd9dd\">\n<div class=\"gb-element-6be9449e gb-element-6be9449e\">\n<h2 class=\"gb-text mb-0 gb-text-aaa0346b gb-text-aaa0346b\">Where We Are<\/h2>\n\n\n\n<div class=\"gb-element-86d2e711 gb-element-86d2e711\">\n<div class=\"gb-element-96abe08b gb-element-96abe08b\">\n<span class=\"gb-shape gb-shape-e031c7bf\"><svg xmlns=\"http:\/\/www.w3.org\/2000\/svg\" fill=\"none\" viewBox=\"0 0 16 20\" height=\"20\" width=\"16\">\n<path fill=\"white\" d=\"M8 10C8.55 10 9.02083 9.80417 9.4125 9.4125C9.80417 9.02083 10 8.55 10 8C10 7.45 9.80417 6.97917 9.4125 6.5875C9.02083 6.19583 8.55 6 8 6C7.45 6 6.97917 6.19583 6.5875 6.5875C6.19583 6.97917 6 7.45 6 8C6 8.55 6.19583 9.02083 6.5875 9.4125C6.97917 9.80417 7.45 10 8 10ZM8 17.35C10.0333 15.4833 11.5417 13.7875 12.525 12.2625C13.5083 10.7375 14 9.38333 14 8.2C14 6.38333 13.4208 4.89583 12.2625 3.7375C11.1042 2.57917 9.68333 2 8 2C6.31667 2 4.89583 2.57917 3.7375 3.7375C2.57917 4.89583 2 6.38333 2 8.2C2 9.38333 2.49167 10.7375 3.475 12.2625C4.45833 13.7875 5.96667 15.4833 8 17.35ZM8 20C5.31667 17.7167 3.3125 15.5958 1.9875 13.6375C0.6625 11.6792 0 9.86667 0 8.2C0 5.7 0.804167 3.70833 2.4125 2.225C4.02083 0.741667 5.88333 0 8 0C10.1167 0 11.9792 0.741667 13.5875 2.225C15.1958 3.70833 16 5.7 16 8.2C16 9.86667 15.3375 11.6792 14.0125 13.6375C12.6875 15.5958 10.6833 17.7167 8 20Z\"><\/path>\n<\/svg>\n<\/span>\n\n\n\n<div class=\"gb-element-434f048a gb-element-434f048a\">\n<h3 class=\"gb-text h3 mb-0 gb-text-c4dcf4ac\">Address<\/h3>\n\n\n\n<p class=\"gb-text gb-text-8a2982d5 gb-text-8a2982d5\"><a href=\"https:\/\/share.google\/bnNFGh4ydOwvHaWXB\" target=\"_blank\" rel=\"noreferrer noopener\">Carrer d\u2019Aribau, 90, 08036 Barcelona<\/a><\/p>\n<\/div>\n<\/div>\n\n\n\n<div class=\"gb-element-c68b88aa gb-element-c68b88aa\">\n<span class=\"gb-shape gb-shape-89b910d2\"><svg xmlns=\"http:\/\/www.w3.org\/2000\/svg\" fill=\"none\" viewBox=\"0 0 18 18\" height=\"18\" width=\"18\">\n<path fill=\"white\" d=\"M16.95 18C14.8667 18 12.8083 17.5458 10.775 16.6375C8.74167 15.7292 6.89167 14.4417 5.225 12.775C3.55833 11.1083 2.27083 9.25833 1.3625 7.225C0.454167 5.19167 0 3.13333 0 1.05C0 0.75 0.1 0.5 0.3 0.3C0.5 0.1 0.75 0 1.05 0H5.1C5.33333 0 5.54167 0.0791667 5.725 0.2375C5.90833 0.395833 6.01667 0.583333 6.05 0.8L6.7 4.3C6.73333 4.56667 6.725 4.79167 6.675 4.975C6.625 5.15833 6.53333 5.31667 6.4 5.45L3.975 7.9C4.30833 8.51667 4.70417 9.1125 5.1625 9.6875C5.62083 10.2625 6.125 10.8167 6.675 11.35C7.19167 11.8667 7.73333 12.3458 8.3 12.7875C8.86667 13.2292 9.46667 13.6333 10.1 14L12.45 11.65C12.6 11.5 12.7958 11.3875 13.0375 11.3125C13.2792 11.2375 13.5167 11.2167 13.75 11.25L17.2 11.95C17.4333 12.0167 17.625 12.1375 17.775 12.3125C17.925 12.4875 18 12.6833 18 12.9V16.95C18 17.25 17.9 17.5 17.7 17.7C17.5 17.9 17.25 18 16.95 18ZM3.025 6L4.675 4.35L4.25 2H2.025C2.10833 2.68333 2.225 3.35833 2.375 4.025C2.525 4.69167 2.74167 5.35 3.025 6ZM11.975 14.95C12.625 15.2333 13.2875 15.4583 13.9625 15.625C14.6375 15.7917 15.3167 15.9 16 15.95V13.75L13.65 13.275L11.975 14.95Z\"><\/path>\n<\/svg>\n<\/span>\n\n\n\n<div class=\"gb-element-3b2bec3b gb-element-3b2bec3b\">\n<h3 class=\"gb-text h3 mb-0 gb-text-f5ab47f3\">Phone<\/h3>\n\n\n\n<a class=\"gb-text gb-text-dff2e6aa gb-text-dff2e6aa\" aria-label=\"Llamar al restaurante\" href=\"tel:+34931234567\">+34 931 234 567<\/a>\n<\/div>\n<\/div>\n\n\n\n<div class=\"gb-element-fab555a0 gb-element-fab555a0\">\n<span class=\"gb-shape gb-shape-9ad335f9\"><svg xmlns=\"http:\/\/www.w3.org\/2000\/svg\" fill=\"none\" viewBox=\"0 0 20 20\" height=\"20\" width=\"20\">\n<path fill=\"white\" d=\"M13.3 14.7L14.7 13.3L11 9.6V5H9V10.4L13.3 14.7ZM10 20C8.61667 20 7.31667 19.7375 6.1 19.2125C4.88333 18.6875 3.825 17.975 2.925 17.075C2.025 16.175 1.3125 15.1167 0.7875 13.9C0.2625 12.6833 0 11.3833 0 10C0 8.61667 0.2625 7.31667 0.7875 6.1C1.3125 4.88333 2.025 3.825 2.925 2.925C3.825 2.025 4.88333 1.3125 6.1 0.7875C7.31667 0.2625 8.61667 0 10 0C11.3833 0 12.6833 0.2625 13.9 0.7875C15.1167 1.3125 16.175 2.025 17.075 2.925C17.975 3.825 18.6875 4.88333 19.2125 6.1C19.7375 7.31667 20 8.61667 20 10C20 11.3833 19.7375 12.6833 19.2125 13.9C18.6875 15.1167 17.975 16.175 17.075 17.075C16.175 17.975 15.1167 18.6875 13.9 19.2125C12.6833 19.7375 11.3833 20 10 20ZM10 18C12.2167 18 14.1042 17.2208 15.6625 15.6625C17.2208 14.1042 18 12.2167 18 10C18 7.78333 17.2208 5.89583 15.6625 4.3375C14.1042 2.77917 12.2167 2 10 2C7.78333 2 5.89583 2.77917 4.3375 4.3375C2.77917 5.89583 2 7.78333 2 10C2 12.2167 2.77917 14.1042 4.3375 15.6625C5.89583 17.2208 7.78333 18 10 18Z\"><\/path>\n<\/svg>\n<\/span>\n\n\n\n<div class=\"gb-element-7d2dd4ac gb-element-7d2dd4ac\">\n<h3 class=\"gb-text h3 mb-0 gb-text-910131f8\">Business Hours<\/h3>\n\n\n\n<p class=\"gb-text gb-text-e3550297\">Lun &#8211; Jue: 13:00 &#8211; 16:30, 20:00 &#8211; 23:30 <br>Vie &#8211; Dom: 13:00 &#8211; 24:00<\/p>\n<\/div>\n<\/div>\n<\/div>\n<\/div>\n<\/div>\n\n\n\n<div class=\"gb-element-4b336bfe\">\n<iframe src=\"https:\/\/www.google.com\/maps\/embed?pb=!1m18!1m12!1m3!1d5082.335143412846!2d2.1552526130233884!3d41.38978737117998!2m3!1f0!2f0!3f0!3m2!1i1024!2i768!4f13.1!3m3!1m2!1s0x12a4a28e49c911d3%3A0xf2089d0de5a4e40a!2sAlo%20Beirut%20Restaurant!5e1!3m2!1spt-BR!2sbr!4v1773755399455!5m2!1spt-BR!2sbr\" width=\"600\" height=\"450\" style=\"border:0;\" allowfullscreen=\"\" loading=\"lazy\" referrerpolicy=\"no-referrer-when-downgrade\" title=\"Ubicaci\u00f3n del restaurante Alo Beirut\" aria-label=\"Mapa incrustado de Google Maps que muestra la ubicaci\u00f3n del restaurante Alo Beirut en Barcelona, con un marcador se\u00f1alando el lugar espec\u00edfico.\" ><\/iframe>\n<\/div>\n<\/div>\n<\/section>\n","protected":false},"excerpt":{"rendered":"<p>Take Away Authenticity Order Lebanese food to go Enjoy the authentic taste of Beirut in the comfort of yourhome. Freshly prepared, ready for pickup. View the menu How does it work? Three simple steps to secure your table in seconds. Choose your dishes Browse our selection of Hummus, Shawarmas, and Lebanese specialties. Set the time &#8230; <a title=\"Takeaway\" class=\"read-more\" href=\"https:\/\/alobeirut.com\/en\/takeaway\/\" aria-label=\"Read more about Takeaway\">Read more<\/a><\/p>\n","protected":false},"author":1,"featured_media":834,"parent":0,"menu_order":0,"comment_status":"closed","ping_status":"closed","template":"","meta":{"_acf_changed":false,"footnotes":""},"class_list":["post-659","page","type-page","status-publish","has-post-thumbnail"],"acf":[],"_links":{"self":[{"href":"https:\/\/alobeirut.com\/en\/wp-json\/wp\/v2\/pages\/659","targetHints":{"allow":["GET"]}}],"collection":[{"href":"https:\/\/alobeirut.com\/en\/wp-json\/wp\/v2\/pages"}],"about":[{"href":"https:\/\/alobeirut.com\/en\/wp-json\/wp\/v2\/types\/page"}],"author":[{"embeddable":true,"href":"https:\/\/alobeirut.com\/en\/wp-json\/wp\/v2\/users\/1"}],"replies":[{"embeddable":true,"href":"https:\/\/alobeirut.com\/en\/wp-json\/wp\/v2\/comments?post=659"}],"version-history":[{"count":3,"href":"https:\/\/alobeirut.com\/en\/wp-json\/wp\/v2\/pages\/659\/revisions"}],"predecessor-version":[{"id":866,"href":"https:\/\/alobeirut.com\/en\/wp-json\/wp\/v2\/pages\/659\/revisions\/866"}],"wp:featuredmedia":[{"embeddable":true,"href":"https:\/\/alobeirut.com\/en\/wp-json\/wp\/v2\/media\/834"}],"wp:attachment":[{"href":"https:\/\/alobeirut.com\/en\/wp-json\/wp\/v2\/media?parent=659"}],"curies":[{"name":"wp","href":"https:\/\/api.w.org\/{rel}","templated":true}]}}