{"id":663,"date":"2026-03-18T11:05:11","date_gmt":"2026-03-18T11:05:11","guid":{"rendered":"https:\/\/alobeirut.com\/order-delivery\/"},"modified":"2026-04-08T16:55:31","modified_gmt":"2026-04-08T16:55:31","slug":"order-delivery","status":"publish","type":"page","link":"https:\/\/alobeirut.com\/en\/order-delivery\/","title":{"rendered":"Order delivery"},"content":{"rendered":"\n<section class=\"section-px gb-element-4013e18f\" style=\"--inline-bg-image: url(https:\/\/alobeirut.com\/wp-content\/uploads\/2026\/04\/shutterstock_563091901-scaled.jpg)\">\n<div class=\"inner-content gb-element-ba99a157\">\n<span class=\"gb-text eyebrow gb-text-216affea\">DELIVERY BARCELONA<\/span>\n\n\n\n<h1 class=\"gb-text gb-text-00619f30\">Order Lebanese food<br>delivery<\/h1>\n\n\n\n<p class=\"gb-text gb-text-9608669e\">Enjoy the authentic taste of Beirut from the comfort of your home. Fresh, fast, and made to order. <\/p>\n\n\n\n<div class=\"gb-element-2ec81b72\">\n<button class=\"gb-text btn-accent btn\" data-glf-cuid=\"\" data-glf-ruid=\"a27ca75e-b7f3-46d3-93db-42d125b60c6f\" data-location=\"a27ca75e-b7f3-46d3-93db-42d125b60c6f\" aria-label=\"Pide comida a domicilio\" role=\"button\" aria-haspopup=\"dialog\" aria-expanded=\"false\">Order takeaway<\/button>\n<\/div>\n<\/div>\n<\/section>\n\n\n\n<section class=\"section-py gb-element-adcef1c2\">\n<div class=\"section-px gb-element-8546ee93\">\n<div class=\"gb-element-a23a0ab2\">\n<div class=\"section-py gb-element-e94fb5e7 gb-element-e90238d7\">\n<h2 class=\"gb-text h2 gb-text-2b203912\">Explore our menu<\/h2>\n\n\n\n<p>From our famous Beiruti Hummus to charcoal-grilled lamb skewers. Everything is prepared following traditional recipes. <\/p>\n\n\n\n<div class=\"list-check gb-element-e6167a94 gb-element-fbab868b\">\n<ul class=\"wp-block-list\">\n<li>Cold Starters<\/li>\n\n\n\n<li>Shawarma &amp; Wraps<\/li>\n\n\n\n<li>Charcoal-Grilled Meats<\/li>\n\n\n\n<li>Homemade Desserts<\/li>\n<\/ul>\n<\/div>\n\n\n\n<button class=\"gb-text btn btn-accent\" data-gb-overlay=\"gb-overlay-515\" role=\"button\" aria-haspopup=\"dialog\" aria-expanded=\"false\">View Full Menu<\/button>\n<\/div>\n<\/div>\n\n\n\n<div class=\"gb-element-09276f21\">\n<img decoding=\"async\" width=\"747\" height=\"786\" class=\"gb-media-59179b73 gb-media-6fa1176e\" src=\"http:\/\/alobeirut.com\/wp-content\/uploads\/2026\/03\/Una-cocina-para-todos.jpg\" alt=\"Plato combinado con tres cuencos de hummus, ensalada de perejil y tomate, y tri\u00e1ngulos de pan pita.\" title=\"Una cocina para todos\" srcset=\"https:\/\/alobeirut.com\/wp-content\/uploads\/2026\/03\/Una-cocina-para-todos.jpg 747w, https:\/\/alobeirut.com\/wp-content\/uploads\/2026\/03\/Una-cocina-para-todos-285x300.jpg 285w\" sizes=\"(max-width: 747px) 100vw, 747px\" \/>\n<\/div>\n<\/div>\n<\/section>\n\n\n\n<section class=\"gb-element-cf12a34b gb-element-cf12a34b\">\n<div class=\"gb-element-hw56c78d gb-element-hw56c78d\">\n<div class=\"gb-element-hd90e12f gb-element-hd90e12f\">\n<h2 class=\"gb-text h2 gb-text-tx34g56h gb-text-tx34g56h\">How does it work?<\/h2>\n<\/div>\n\n\n\n<div class=\"gb-element-gr78i90j\">\n<article class=\"gb-element-cd12k34l gb-element-cd12k34l\">\n<div class=\"gb-element-ic56m78n gb-element-ic56m78n\">\n<span class=\"gb-shape gb-shape-sh56m78n\" xmlns=\"http:\/\/www.w3.org\/2000\/svg\" viewbox=\"0 0 24 24\" stroke-linecap=\"round\" stroke-linejoin=\"round\"><svg fill=\"none\" viewBox=\"0 0 19 25\" height=\"25\" width=\"19\">\n<path fill=\"#520100\" d=\"M3.75 25V13.5625C2.6875 13.2708 1.79688 12.6875 1.07812 11.8125C0.359375 10.9375 0 9.91667 0 8.75V0H2.5V8.75H3.75V0H6.25V8.75H7.5V0H10V8.75C10 9.91667 9.64062 10.9375 8.92188 11.8125C8.20312 12.6875 7.3125 13.2708 6.25 13.5625V25H3.75ZM16.25 25V15H12.5V6.25C12.5 4.52083 13.1094 3.04688 14.3281 1.82812C15.5469 0.609375 17.0208 0 18.75 0V25H16.25Z\"><\/path>\n<\/svg>\n<\/span>\n<\/div>\n\n\n\n<div class=\"gb-element-ct90o12p gb-element-ct90o12p\">\n<h3 class=\"gb-text h3 gb-text-tt34q56r gb-text-tt34q56r\">Choose your dishes<\/h3>\n\n\n\n<p class=\"gb-text gb-text-dc78s90t gb-text-dc78s90t\">Explore our varied Lebanese menu: from hummus to shawarma.<\/p>\n<\/div>\n<\/article>\n\n\n\n<article class=\"gb-element-cd34u56v gb-element-cd34u56v\">\n<div class=\"gb-element-ic78w90x gb-element-ic78w90x\">\n<span class=\"gb-shape gb-shape-sh78w90x\" xmlns=\"http:\/\/www.w3.org\/2000\/svg\" viewbox=\"0 0 24 24\" stroke-linecap=\"round\" stroke-linejoin=\"round\"><svg fill=\"none\" viewBox=\"0 0 25 18\" height=\"18\" width=\"25\">\n<path fill=\"#520100\" d=\"M6.25 17.5C5.20833 17.5 4.32292 17.1354 3.59375 16.4062C2.86458 15.6771 2.5 14.7917 2.5 13.75H0V10C0 8.625 0.489583 7.44792 1.46875 6.46875C2.44792 5.48958 3.625 5 5 5H10V11.25H14.375L18.75 5.8125V2.5H15V0H18.75C19.4375 0 20.026 0.244792 20.5156 0.734375C21.0052 1.22396 21.25 1.8125 21.25 2.5V6.6875L15.625 13.75H10C10 14.7917 9.63542 15.6771 8.90625 16.4062C8.17708 17.1354 7.29167 17.5 6.25 17.5ZM6.25 15C6.60417 15 6.90104 14.8802 7.14062 14.6406C7.38021 14.401 7.5 14.1042 7.5 13.75H5C5 14.1042 5.11979 14.401 5.35938 14.6406C5.59896 14.8802 5.89583 15 6.25 15ZM3.75 3.75V1.25H10V3.75H3.75ZM21.25 17.5C20.2083 17.5 19.3229 17.1354 18.5938 16.4062C17.8646 15.6771 17.5 14.7917 17.5 13.75C17.5 12.7083 17.8646 11.8229 18.5938 11.0938C19.3229 10.3646 20.2083 10 21.25 10C22.2917 10 23.1771 10.3646 23.9062 11.0938C24.6354 11.8229 25 12.7083 25 13.75C25 14.7917 24.6354 15.6771 23.9062 16.4062C23.1771 17.1354 22.2917 17.5 21.25 17.5ZM21.25 15C21.6042 15 21.901 14.8802 22.1406 14.6406C22.3802 14.401 22.5 14.1042 22.5 13.75C22.5 13.3958 22.3802 13.099 22.1406 12.8594C21.901 12.6198 21.6042 12.5 21.25 12.5C20.8958 12.5 20.599 12.6198 20.3594 12.8594C20.1198 13.099 20 13.3958 20 13.75C20 14.1042 20.1198 14.401 20.3594 14.6406C20.599 14.8802 20.8958 15 21.25 15ZM2.5 11.25H7.5V7.5H5C4.3125 7.5 3.72396 7.74479 3.23438 8.23438C2.74479 8.72396 2.5 9.3125 2.5 10V11.25Z\"><\/path>\n<\/svg>\n<\/span>\n<\/div>\n\n\n\n<div class=\"gb-element-ct12y34z gb-element-ct12y34z\">\n<h3 class=\"gb-text h3 gb-text-tt56a78b gb-text-tt56a78b\">Tell us where you are<\/h3>\n\n\n\n<p class=\"gb-text gb-text-dc90c12d gb-text-dc90c12d\">Enter your address and we\u2019ll calculate the estimated delivery time.<\/p>\n<\/div>\n<\/article>\n\n\n\n<article class=\"gb-element-cd34e56f gb-element-cd34e56f\">\n<div class=\"gb-element-ic78g90h gb-element-ic78g90h\">\n<span class=\"gb-shape gb-shape-sh78g90h\" xmlns=\"http:\/\/www.w3.org\/2000\/svg\" viewbox=\"0 0 24 24\" stroke-linecap=\"round\" stroke-linejoin=\"round\"><svg fill=\"none\" viewBox=\"0 0 20 25\" height=\"25\" width=\"20\">\n<path fill=\"#520100\" d=\"M2.5 25C1.8125 25 1.22396 24.7552 0.734375 24.2656C0.244792 23.776 0 23.1875 0 22.5V7.5C0 6.8125 0.244792 6.22396 0.734375 5.73438C1.22396 5.24479 1.8125 5 2.5 5H5C5 3.625 5.48958 2.44792 6.46875 1.46875C7.44792 0.489583 8.625 0 10 0C11.375 0 12.5521 0.489583 13.5312 1.46875C14.5104 2.44792 15 3.625 15 5H17.5C18.1875 5 18.776 5.24479 19.2656 5.73438C19.7552 6.22396 20 6.8125 20 7.5V22.5C20 23.1875 19.7552 23.776 19.2656 24.2656C18.776 24.7552 18.1875 25 17.5 25H2.5ZM2.5 22.5H17.5V7.5H15V10C15 10.3542 14.8802 10.651 14.6406 10.8906C14.401 11.1302 14.1042 11.25 13.75 11.25C13.3958 11.25 13.099 11.1302 12.8594 10.8906C12.6198 10.651 12.5 10.3542 12.5 10V7.5H7.5V10C7.5 10.3542 7.38021 10.651 7.14062 10.8906C6.90104 11.1302 6.60417 11.25 6.25 11.25C5.89583 11.25 5.59896 11.1302 5.35938 10.8906C5.11979 10.651 5 10.3542 5 10V7.5H2.5V22.5ZM7.5 5H12.5C12.5 4.3125 12.2552 3.72396 11.7656 3.23438C11.276 2.74479 10.6875 2.5 10 2.5C9.3125 2.5 8.72396 2.74479 8.23438 3.23438C7.74479 3.72396 7.5 4.3125 7.5 5ZM2.5 22.5V7.5V22.5Z\"><\/path>\n<\/svg>\n<\/span>\n<\/div>\n\n\n\n<div class=\"gb-element-ct12i34j gb-element-ct12i34j\">\n<h3 class=\"gb-text h3 gb-text-tt56k78l gb-text-tt56k78l\">Enjoy!<\/h3>\n\n\n\n<p class=\"gb-text gb-text-dc90m12n gb-text-dc90m12n\">Our team will bring your food hot and ready to enjoy in minutes.<\/p>\n<\/div>\n<\/article>\n<\/div>\n<\/div>\n<\/section>\n\n\n\n<section class=\"section-px section-py\">\n<div class=\"inner-content gb-element-d3bab9ec\">\n<div class=\"gb-element-ab18f816\">\n<div class=\"gb-element-98266f8b gb-element-98266f8b\">\n<div class=\"gb-element-53bd802e\">\n<h2 class=\"gb-text h2 gb-text-9495f274 gb-text-9495f274\">We deliver in Barcelona<\/h2>\n\n\n\n<div class=\"gb-text gb-text-13618a71 gb-text-13618a71\">We cover much of Barcelona with three optimized pricing zones so your order arrives fresh.<\/div>\n<\/div>\n\n\n\n<div class=\"gb-element-d12422a5 gb-element-d12422a5\">\n<div class=\"gb-element-c80b1d2a gb-element-c80b1d2a\">\n<div class=\"gb-element-05eb37c9 gb-element-05eb37c9\">\n<h3 class=\"gb-text h3 mb-0 gb-text-0330cc53 gb-text-0330cc53\">Zone 1: Eixample &amp; Gr\u00e0cia<\/h3>\n\n\n\n<div class=\"gb-text gb-text-94576352 gb-text-94576352\">Delivery in 25\u201335 min<\/div>\n<\/div>\n\n\n\n<div class=\"gb-text gb-text-adb4e40c gb-text-adb4e40c\">\u20ac1.90<\/div>\n<\/div>\n\n\n\n<div class=\"gb-element-a182cbe6 gb-element-a182cbe6\">\n<div class=\"gb-element-8d8cca56 gb-element-8d8cca56\">\n<h3 class=\"gb-text h3 mb-0 gb-text-5f839ae6 gb-text-5f839ae6\">Zone 2: Ciutat Vella &amp; Sants<\/h3>\n\n\n\n<div class=\"gb-text gb-text-58d6f5c3 gb-text-58d6f5c3\">Delivery in 35\u201345 min<\/div>\n<\/div>\n\n\n\n<div class=\"gb-text gb-text-1bef5e67 gb-text-1bef5e67\">\u20ac2.90<\/div>\n<\/div>\n\n\n\n<div class=\"gb-element-47dfc4f9 gb-element-47dfc4f9\">\n<div class=\"gb-element-dff41928 gb-element-dff41928\">\n<h3 class=\"gb-text h3 mb-0 gb-text-ff847cff gb-text-ff847cff\">Zone 3: Les Corts &amp; Poblenou<\/h3>\n\n\n\n<div class=\"gb-text gb-text-06761001 gb-text-06761001\">Delivery in 45\u201360 min<\/div>\n<\/div>\n\n\n\n<div class=\"gb-text gb-text-a0fcd4d0 gb-text-a0fcd4d0\">\u20ac2.90<\/div>\n<\/div>\n<\/div>\n\n\n\n<div class=\"gb-element-1a45c2c6 gb-element-1a45c2c6\">\n<div class=\"gb-element-fdac6faa gb-element-fdac6faa\">\n<div class=\"gb-element-fa5fe8c9 gb-element-fa5fe8c9\">\n<span class=\"gb-shape gb-shape-d1390188\"><svg fill=\"none\" viewBox=\"0 0 20 20\" height=\"20\" width=\"20\" xmlns=\"http:\/\/www.w3.org\/2000\/svg\">\n<path fill=\"#520100\" d=\"M13.3 14.7L14.7 13.3L11 9.6V5H9V10.4L13.3 14.7ZM10 20C8.61667 20 7.31667 19.7375 6.1 19.2125C4.88333 18.6875 3.825 17.975 2.925 17.075C2.025 16.175 1.3125 15.1167 0.7875 13.9C0.2625 12.6833 0 11.3833 0 10C0 8.61667 0.2625 7.31667 0.7875 6.1C1.3125 4.88333 2.025 3.825 2.925 2.925C3.825 2.025 4.88333 1.3125 6.1 0.7875C7.31667 0.2625 8.61667 0 10 0C11.3833 0 12.6833 0.2625 13.9 0.7875C15.1167 1.3125 16.175 2.025 17.075 2.925C17.975 3.825 18.6875 4.88333 19.2125 6.1C19.7375 7.31667 20 8.61667 20 10C20 11.3833 19.7375 12.6833 19.2125 13.9C18.6875 15.1167 17.975 16.175 17.075 17.075C16.175 17.975 15.1167 18.6875 13.9 19.2125C12.6833 19.7375 11.3833 20 10 20ZM10 18C12.2167 18 14.1042 17.2208 15.6625 15.6625C17.2208 14.1042 18 12.2167 18 10C18 7.78333 17.2208 5.89583 15.6625 4.3375C14.1042 2.77917 12.2167 2 10 2C7.78333 2 5.89583 2.77917 4.3375 4.3375C2.77917 5.89583 2 7.78333 2 10C2 12.2167 2.77917 14.1042 4.3375 15.6625C5.89583 17.2208 7.78333 18 10 18Z\"><\/path>\n<\/svg>\n<\/span>\n<\/div>\n\n\n\n<div class=\"gb-element-aa5bd191 gb-element-aa5bd191\">\n<div class=\"gb-text gb-text-c57e7660 gb-text-c57e7660\">Hours: 12:30\u201316:00 | 19:30\u201323:30<\/div>\n<\/div>\n<\/div>\n\n\n\n<div class=\"gb-element-ddc41423 gb-element-ddc41423\">\n<div class=\"gb-element-280e1400 gb-element-280e1400\">\n<span class=\"gb-shape gb-shape-be1f51f6\"><svg fill=\"none\" viewBox=\"0 0 22 16\" height=\"16\" width=\"22\" xmlns=\"http:\/\/www.w3.org\/2000\/svg\">\n<path fill=\"#520100\" d=\"M13 9C12.1667 9 11.4583 8.70833 10.875 8.125C10.2917 7.54167 10 6.83333 10 6C10 5.16667 10.2917 4.45833 10.875 3.875C11.4583 3.29167 12.1667 3 13 3C13.8333 3 14.5417 3.29167 15.125 3.875C15.7083 4.45833 16 5.16667 16 6C16 6.83333 15.7083 7.54167 15.125 8.125C14.5417 8.70833 13.8333 9 13 9ZM6 12C5.45 12 4.97917 11.8042 4.5875 11.4125C4.19583 11.0208 4 10.55 4 10V2C4 1.45 4.19583 0.979167 4.5875 0.5875C4.97917 0.195833 5.45 0 6 0H20C20.55 0 21.0208 0.195833 21.4125 0.5875C21.8042 0.979167 22 1.45 22 2V10C22 10.55 21.8042 11.0208 21.4125 11.4125C21.0208 11.8042 20.55 12 20 12H6ZM8 10H18C18 9.45 18.1958 8.97917 18.5875 8.5875C18.9792 8.19583 19.45 8 20 8V4C19.45 4 18.9792 3.80417 18.5875 3.4125C18.1958 3.02083 18 2.55 18 2H8C8 2.55 7.80417 3.02083 7.4125 3.4125C7.02083 3.80417 6.55 4 6 4V8C6.55 8 7.02083 8.19583 7.4125 8.5875C7.80417 8.97917 8 9.45 8 10ZM19 16H2C1.45 16 0.979167 15.8042 0.5875 15.4125C0.195833 15.0208 0 14.55 0 14V3H2V14H19V16ZM6 10V2V10Z\"><\/path>\n<\/svg>\n<\/span>\n<\/div>\n\n\n\n<div class=\"gb-element-baaea208 gb-element-baaea208\">\n<div class=\"gb-text gb-text-345d9e5a gb-text-345d9e5a\">Payment: Card, Apple Pay, Google Pay, and Cash<\/div>\n<\/div>\n<\/div>\n<\/div>\n<\/div>\n\n\n\n<div class=\"gb-element-a0470646 gb-element-a0470646\">\n<img decoding=\"async\" width=\"668\" height=\"666\" class=\"gb-media-ec8e48ee gb-media-ec8e48ee\" src=\"http:\/\/alobeirut.com\/wp-content\/uploads\/2026\/03\/Map.png\" alt=\"Barcelona map\" title=\"Map\" srcset=\"https:\/\/alobeirut.com\/wp-content\/uploads\/2026\/03\/Map.png 668w, https:\/\/alobeirut.com\/wp-content\/uploads\/2026\/03\/Map-300x300.png 300w, https:\/\/alobeirut.com\/wp-content\/uploads\/2026\/03\/Map-150x150.png 150w\" sizes=\"(max-width: 668px) 100vw, 668px\" \/>\n<\/div>\n<\/div>\n<\/div>\n<\/section>\n\n\n\n<section class=\"gb-element-c1d26ff4\">\n<div class=\"gb-element-a1981d75 gb-element-a1981d75\">\n<div class=\"gb-element-ec9e49f0 gb-element-ec9e49f0\">\n<div class=\"gb-element-f0d797a2 gb-element-f0d797a2\">\n<h2 class=\"gb-text mb-0 gb-text-b7f6a293 gb-text-b7f6a293\">Authentic Lebanese Cuisine<\/h2>\n<\/div>\n<\/div>\n\n\n\n<div class=\"gb-element-c1cee6e2 gb-element-c1cee6e2\">\n<div class=\"gb-text gb-text-41aa1c72\">At Alo Beirut, every dish tells a story of tradition and hospitality. Our cuisine is based on recipes that have been passed down from generation to generation, using spices imported directly from the Middle East and fresh products from the local market.<\/div>\n\n\n\n<div class=\"gb-text gb-text-9aebfe7a\">We want you to feel right at home, sharing \u2018mezze\u2019 with friends and family, just as we do in Beirut.<\/div>\n\n\n\n<a class=\"gb-text btn btn-accent\" href=\"https:\/\/alobeirut.com\/sobre-nosotros\/\" aria-label=\"ir a la pagina sobre nosotros\">Get to Know Our Story<\/a>\n<\/div>\n<\/div>\n\n\n\n<div class=\"gb-element-3450f5f4 gb-element-3450f5f4\">\n<div class=\"gb-element-4c46e98c\">\n<div class=\"gb-element-e354eb25\">\n<img decoding=\"async\" width=\"736\" height=\"902\" class=\"gb-media-cb9b1ad6 gb-media-cb9b1ad6\" src=\"http:\/\/alobeirut.com\/wp-content\/uploads\/2026\/03\/Cocina-libanesa-autentica.jpg\" alt=\"Chef con delantal preparando ingredientes frescos sobre una tabla de madera en una cocina profesional.&quot;\" title=\"Cocina libanesa aut\u00e9ntica\" srcset=\"https:\/\/alobeirut.com\/wp-content\/uploads\/2026\/03\/Cocina-libanesa-autentica.jpg 736w, https:\/\/alobeirut.com\/wp-content\/uploads\/2026\/03\/Cocina-libanesa-autentica-245x300.jpg 245w\" sizes=\"(max-width: 736px) 100vw, 736px\" \/>\n<\/div>\n<\/div>\n\n\n\n<div class=\"gb-element-3b6144c1 gb-element-3b6144c1\">\n<img decoding=\"async\" width=\"746\" height=\"882\" class=\"gb-media-07502ac9 gb-media-07502ac9\" src=\"http:\/\/alobeirut.com\/wp-content\/uploads\/2026\/03\/Cocina-libanesa-autentica-1.jpg\" alt=\"Filetes de carne cocin\u00e1ndose sobre una parrilla con brasas ardientes y humo visible.\" title=\"Cocina libanesa aut\u00e9ntica 1\" srcset=\"https:\/\/alobeirut.com\/wp-content\/uploads\/2026\/03\/Cocina-libanesa-autentica-1.jpg 746w, https:\/\/alobeirut.com\/wp-content\/uploads\/2026\/03\/Cocina-libanesa-autentica-1-254x300.jpg 254w\" sizes=\"(max-width: 746px) 100vw, 746px\" \/>\n<\/div>\n<\/div>\n<\/section>\n\n\n\n<section class=\"section-px section-py\">\n<div class=\"section-py gb-element-6a7466ce gb-element-4f9ad42c\" style=\"--inline-bg-image: url(http:\/\/alobeirut.com\/wp-content\/uploads\/2026\/03\/hummus-cremoso-pan-pita-aperitivo.jpg)\">\n<div class=\"gb-element-012e7a02 gb-element-80013496\">\n<h2 class=\"gb-text h2 gb-text-ce7f0057 gb-text-45f36f29\">Reserva tu mesa y vive la experiencia<\/h2>\n\n\n\n<div class=\"gb-text gb-text-52a70aa0 gb-text-c23f1c68\">Te esperamos para compartir lo mejor de la gastronom\u00eda libanesa en el centro de Barcelona.<\/div>\n<\/div>\n\n\n\n<div class=\"gb-element-3ca786a6 gb-element-f5edbdee\">\n<button class=\"gb-text btn btn-accent\" aria-label=\"reservar tu mesa\" data-gb-overlay=\"gb-overlay-509\" role=\"button\" aria-haspopup=\"dialog\" aria-expanded=\"false\">Reserva tu Mesa<\/button>\n<\/div>\n<\/div>\n<\/section>\n\n\n\n<section>\n<div class=\"section-px gb-element-0ecef438 gb-element-0ecef438\">\n<div class=\"section-py gb-element-caefd9dd gb-element-caefd9dd\">\n<div class=\"gb-element-6be9449e gb-element-6be9449e\">\n<h2 class=\"gb-text mb-0 gb-text-aaa0346b gb-text-aaa0346b\">Where We Are<\/h2>\n\n\n\n<div class=\"gb-element-86d2e711 gb-element-86d2e711\">\n<div class=\"gb-element-96abe08b gb-element-96abe08b\">\n<span class=\"gb-shape gb-shape-e031c7bf\"><svg xmlns=\"http:\/\/www.w3.org\/2000\/svg\" fill=\"none\" viewBox=\"0 0 16 20\" height=\"20\" width=\"16\">\n<path fill=\"white\" d=\"M8 10C8.55 10 9.02083 9.80417 9.4125 9.4125C9.80417 9.02083 10 8.55 10 8C10 7.45 9.80417 6.97917 9.4125 6.5875C9.02083 6.19583 8.55 6 8 6C7.45 6 6.97917 6.19583 6.5875 6.5875C6.19583 6.97917 6 7.45 6 8C6 8.55 6.19583 9.02083 6.5875 9.4125C6.97917 9.80417 7.45 10 8 10ZM8 17.35C10.0333 15.4833 11.5417 13.7875 12.525 12.2625C13.5083 10.7375 14 9.38333 14 8.2C14 6.38333 13.4208 4.89583 12.2625 3.7375C11.1042 2.57917 9.68333 2 8 2C6.31667 2 4.89583 2.57917 3.7375 3.7375C2.57917 4.89583 2 6.38333 2 8.2C2 9.38333 2.49167 10.7375 3.475 12.2625C4.45833 13.7875 5.96667 15.4833 8 17.35ZM8 20C5.31667 17.7167 3.3125 15.5958 1.9875 13.6375C0.6625 11.6792 0 9.86667 0 8.2C0 5.7 0.804167 3.70833 2.4125 2.225C4.02083 0.741667 5.88333 0 8 0C10.1167 0 11.9792 0.741667 13.5875 2.225C15.1958 3.70833 16 5.7 16 8.2C16 9.86667 15.3375 11.6792 14.0125 13.6375C12.6875 15.5958 10.6833 17.7167 8 20Z\"><\/path>\n<\/svg>\n<\/span>\n\n\n\n<div class=\"gb-element-434f048a gb-element-434f048a\">\n<h3 class=\"gb-text h3 mb-0 gb-text-c4dcf4ac\">Address<\/h3>\n\n\n\n<p class=\"gb-text gb-text-8a2982d5 gb-text-8a2982d5\"><a href=\"https:\/\/share.google\/bnNFGh4ydOwvHaWXB\" target=\"_blank\" rel=\"noreferrer noopener\">Carrer d\u2019Aribau, 90, 08036 Barcelona<\/a><\/p>\n<\/div>\n<\/div>\n\n\n\n<div class=\"gb-element-c68b88aa gb-element-c68b88aa\">\n<span class=\"gb-shape gb-shape-89b910d2\"><svg xmlns=\"http:\/\/www.w3.org\/2000\/svg\" fill=\"none\" viewBox=\"0 0 18 18\" height=\"18\" width=\"18\">\n<path fill=\"white\" d=\"M16.95 18C14.8667 18 12.8083 17.5458 10.775 16.6375C8.74167 15.7292 6.89167 14.4417 5.225 12.775C3.55833 11.1083 2.27083 9.25833 1.3625 7.225C0.454167 5.19167 0 3.13333 0 1.05C0 0.75 0.1 0.5 0.3 0.3C0.5 0.1 0.75 0 1.05 0H5.1C5.33333 0 5.54167 0.0791667 5.725 0.2375C5.90833 0.395833 6.01667 0.583333 6.05 0.8L6.7 4.3C6.73333 4.56667 6.725 4.79167 6.675 4.975C6.625 5.15833 6.53333 5.31667 6.4 5.45L3.975 7.9C4.30833 8.51667 4.70417 9.1125 5.1625 9.6875C5.62083 10.2625 6.125 10.8167 6.675 11.35C7.19167 11.8667 7.73333 12.3458 8.3 12.7875C8.86667 13.2292 9.46667 13.6333 10.1 14L12.45 11.65C12.6 11.5 12.7958 11.3875 13.0375 11.3125C13.2792 11.2375 13.5167 11.2167 13.75 11.25L17.2 11.95C17.4333 12.0167 17.625 12.1375 17.775 12.3125C17.925 12.4875 18 12.6833 18 12.9V16.95C18 17.25 17.9 17.5 17.7 17.7C17.5 17.9 17.25 18 16.95 18ZM3.025 6L4.675 4.35L4.25 2H2.025C2.10833 2.68333 2.225 3.35833 2.375 4.025C2.525 4.69167 2.74167 5.35 3.025 6ZM11.975 14.95C12.625 15.2333 13.2875 15.4583 13.9625 15.625C14.6375 15.7917 15.3167 15.9 16 15.95V13.75L13.65 13.275L11.975 14.95Z\"><\/path>\n<\/svg>\n<\/span>\n\n\n\n<div class=\"gb-element-3b2bec3b gb-element-3b2bec3b\">\n<h3 class=\"gb-text h3 mb-0 gb-text-f5ab47f3\">Phone<\/h3>\n\n\n\n<a class=\"gb-text gb-text-dff2e6aa gb-text-dff2e6aa\" aria-label=\"Llamar al restaurante\" href=\"tel:+34931234567\">+34 931 234 567<\/a>\n<\/div>\n<\/div>\n\n\n\n<div class=\"gb-element-fab555a0 gb-element-fab555a0\">\n<span class=\"gb-shape gb-shape-9ad335f9\"><svg xmlns=\"http:\/\/www.w3.org\/2000\/svg\" fill=\"none\" viewBox=\"0 0 20 20\" height=\"20\" width=\"20\">\n<path fill=\"white\" d=\"M13.3 14.7L14.7 13.3L11 9.6V5H9V10.4L13.3 14.7ZM10 20C8.61667 20 7.31667 19.7375 6.1 19.2125C4.88333 18.6875 3.825 17.975 2.925 17.075C2.025 16.175 1.3125 15.1167 0.7875 13.9C0.2625 12.6833 0 11.3833 0 10C0 8.61667 0.2625 7.31667 0.7875 6.1C1.3125 4.88333 2.025 3.825 2.925 2.925C3.825 2.025 4.88333 1.3125 6.1 0.7875C7.31667 0.2625 8.61667 0 10 0C11.3833 0 12.6833 0.2625 13.9 0.7875C15.1167 1.3125 16.175 2.025 17.075 2.925C17.975 3.825 18.6875 4.88333 19.2125 6.1C19.7375 7.31667 20 8.61667 20 10C20 11.3833 19.7375 12.6833 19.2125 13.9C18.6875 15.1167 17.975 16.175 17.075 17.075C16.175 17.975 15.1167 18.6875 13.9 19.2125C12.6833 19.7375 11.3833 20 10 20ZM10 18C12.2167 18 14.1042 17.2208 15.6625 15.6625C17.2208 14.1042 18 12.2167 18 10C18 7.78333 17.2208 5.89583 15.6625 4.3375C14.1042 2.77917 12.2167 2 10 2C7.78333 2 5.89583 2.77917 4.3375 4.3375C2.77917 5.89583 2 7.78333 2 10C2 12.2167 2.77917 14.1042 4.3375 15.6625C5.89583 17.2208 7.78333 18 10 18Z\"><\/path>\n<\/svg>\n<\/span>\n\n\n\n<div class=\"gb-element-7d2dd4ac gb-element-7d2dd4ac\">\n<h3 class=\"gb-text h3 mb-0 gb-text-910131f8\">Business Hours<\/h3>\n\n\n\n<p class=\"gb-text gb-text-e3550297\">Lun &#8211; Jue: 13:00 &#8211; 16:30, 20:00 &#8211; 23:30 <br>Vie &#8211; Dom: 13:00 &#8211; 24:00<\/p>\n<\/div>\n<\/div>\n<\/div>\n<\/div>\n<\/div>\n\n\n\n<div class=\"gb-element-4b336bfe\">\n<iframe src=\"https:\/\/www.google.com\/maps\/embed?pb=!1m18!1m12!1m3!1d5082.335143412846!2d2.1552526130233884!3d41.38978737117998!2m3!1f0!2f0!3f0!3m2!1i1024!2i768!4f13.1!3m3!1m2!1s0x12a4a28e49c911d3%3A0xf2089d0de5a4e40a!2sAlo%20Beirut%20Restaurant!5e1!3m2!1spt-BR!2sbr!4v1773755399455!5m2!1spt-BR!2sbr\" width=\"600\" height=\"450\" style=\"border:0;\" allowfullscreen=\"\" loading=\"lazy\" referrerpolicy=\"no-referrer-when-downgrade\" title=\"Ubicaci\u00f3n del restaurante Alo Beirut\" aria-label=\"Mapa incrustado de Google Maps que muestra la ubicaci\u00f3n del restaurante Alo Beirut en Barcelona, con un marcador se\u00f1alando el lugar espec\u00edfico.\" ><\/iframe>\n<\/div>\n<\/div>\n<\/section>\n","protected":false},"excerpt":{"rendered":"<p>DELIVERY BARCELONA Order Lebanese fooddelivery Enjoy the authentic taste of Beirut from the comfort of your home. Fresh, fast, and made to order. Order takeaway Explore our menu From our famous Beiruti Hummus to charcoal-grilled lamb skewers. Everything is prepared following traditional recipes. View Full Menu How does it work? Choose your dishes Explore our &#8230; <a title=\"Order delivery\" class=\"read-more\" href=\"https:\/\/alobeirut.com\/en\/order-delivery\/\" aria-label=\"Read more about Order delivery\">Read more<\/a><\/p>\n","protected":false},"author":2,"featured_media":834,"parent":0,"menu_order":0,"comment_status":"closed","ping_status":"closed","template":"","meta":{"_acf_changed":false,"footnotes":""},"class_list":["post-663","page","type-page","status-publish","has-post-thumbnail"],"acf":[],"_links":{"self":[{"href":"https:\/\/alobeirut.com\/en\/wp-json\/wp\/v2\/pages\/663","targetHints":{"allow":["GET"]}}],"collection":[{"href":"https:\/\/alobeirut.com\/en\/wp-json\/wp\/v2\/pages"}],"about":[{"href":"https:\/\/alobeirut.com\/en\/wp-json\/wp\/v2\/types\/page"}],"author":[{"embeddable":true,"href":"https:\/\/alobeirut.com\/en\/wp-json\/wp\/v2\/users\/2"}],"replies":[{"embeddable":true,"href":"https:\/\/alobeirut.com\/en\/wp-json\/wp\/v2\/comments?post=663"}],"version-history":[{"count":3,"href":"https:\/\/alobeirut.com\/en\/wp-json\/wp\/v2\/pages\/663\/revisions"}],"predecessor-version":[{"id":865,"href":"https:\/\/alobeirut.com\/en\/wp-json\/wp\/v2\/pages\/663\/revisions\/865"}],"wp:featuredmedia":[{"embeddable":true,"href":"https:\/\/alobeirut.com\/en\/wp-json\/wp\/v2\/media\/834"}],"wp:attachment":[{"href":"https:\/\/alobeirut.com\/en\/wp-json\/wp\/v2\/media?parent=663"}],"curies":[{"name":"wp","href":"https:\/\/api.w.org\/{rel}","templated":true}]}}